{"id":24071,"date":"2024-12-01T01:55:18","date_gmt":"2024-12-01T00:55:18","guid":{"rendered":"https:\/\/thorteam.co\/?post_type=product&#038;p=24071"},"modified":"2026-02-01T19:50:54","modified_gmt":"2026-02-01T18:50:54","slug":"superdrol-10mg-driada-medical","status":"publish","type":"product","link":"https:\/\/thorteam.co\/en\/loja\/todas-las-marcas\/driada-medical\/superdrol-10mg-driada-medical\/","title":{"rendered":"Superdrol 10mg Driada Medical"},"content":{"rendered":"<p>Superdrol es una forma oral de testosterona, que ofrece efectos similares a las testosteronas inyectables. Con una acci\u00f3n r\u00e1pida y una vida media de 6-8 horas, es popular entre los atletas que buscan un aumento de agresividad y fuerza antes de entrenamientos o competiciones. Aunque no es tan potente en cuanto a ganancias anab\u00f3licas como las testosteronas inyectables, se utiliza ampliamente por su conveniencia y efectos r\u00e1pidos.<\/p>\n<h2>Perfil del Superdrol<\/h2>\n<ul>\n<li><strong>Vida media:<\/strong> 6-8 hours<\/li>\n<li><strong>Retenci\u00f3n de agua:<\/strong> Baja<\/li>\n<li><strong>Dosificaci\u00f3n para hombres:<\/strong> 25 a 50 mg\/d\u00eda<\/li>\n<\/ul>\n<h2>Efectos<\/h2>\n<ul>\n<li>Aumento de la agresividad<\/li>\n<li>Mayor fuerza durante entrenamientos y competiciones<\/li>\n<\/ul>\n<h2>Efectos Secundarios<\/h2>\n<p>Al igual que otras formas de testosterona, Superdrol sufre la acci\u00f3n de las enzimas aromatasa y 5-alfa-reductasa, convirti\u00e9ndose en estr\u00f3geno y DHT, lo que puede provocar efectos secundarios como:<\/p>\n<ul>\n<li>Acn\u00e9<\/li>\n<li>P\u00e9rdida de cabello<\/li>\n<li>Hipertrofia de la pr\u00f3stata<\/li>\n<li>Ginecomastia<\/li>\n<li>Toxicidad hep\u00e1tica debido a su estructura metilada<\/li>\n<\/ul>\n<p>Debe usarse con precauci\u00f3n debido a su hepatotoxicidad.<\/p>\n<h2>Uso y Combinaciones<\/h2>\n<p>Superdrol es m\u00e1s eficaz cuando se combina con otras sustancias no hepatot\u00f3xicas o como pre-entrenamiento y pre-competici\u00f3n para atletas de fuerza y luchadores. De manera aislada, es menos eficaz para la hipertrofia muscular.<\/p>\n<h2>Uso en Mujeres<\/h2>\n<p>En mujeres, Superdrol se utiliza en terapia de reemplazo androg\u00e9nico postmenop\u00e1usica en dosis de 1,25-2,5 mg\/d\u00eda, generalmente en conjunto con terapia estrog\u00e9nica, presentando pocos riesgos de efectos secundarios. Para fines est\u00e9ticos, dosis de 10 mg\/d\u00eda pueden proporcionar ganancias razonables con riesgos controlados de virilizaci\u00f3n.<\/p>\n<h2>Almacenamiento<\/h2>\n<p>Conservar en un lugar seco y protegido de la luz, a una temperatura de 15-25\u00b0C. Mantener fuera del alcance de los ni\u00f1os.<\/p>","protected":false},"excerpt":{"rendered":"<p><strong>Manufacturer:<\/strong> Driada Medical<\/p>\n<p><strong>Presentaci\u00f3n:<\/strong> 100 comprimidos de 10 mg<\/p>\n<p><strong>Clase de drogas:<\/strong> Esteroide anab\u00f3lico\/androg\u00e9nico<\/p>\n<p><strong>Estructura qu\u00edmica:<\/strong> (17\u00df)-3-Oxoandrost-4-en-17-YL METHYL<\/p>\n<p>&nbsp;<\/p>","protected":false},"featured_media":23853,"template":"","meta":[],"product_brand":[],"product_cat":[710,668,698,659],"product_tag":[],"class_list":{"0":"post-24071","1":"product","2":"type-product","3":"status-publish","4":"has-post-thumbnail","6":"product_cat-driada-medical","7":"product_cat-orales","8":"product_cat-superdrol-methasterona","9":"product_cat-todas-las-marcas","11":"first","12":"outofstock","13":"shipping-taxable","14":"purchasable","15":"product-type-simple"},"jetpack_sharing_enabled":true,"_links":{"self":[{"href":"https:\/\/thorteam.co\/en\/wp-json\/wp\/v2\/product\/24071","targetHints":{"allow":["GET"]}}],"collection":[{"href":"https:\/\/thorteam.co\/en\/wp-json\/wp\/v2\/product"}],"about":[{"href":"https:\/\/thorteam.co\/en\/wp-json\/wp\/v2\/types\/product"}],"version-history":[{"count":0,"href":"https:\/\/thorteam.co\/en\/wp-json\/wp\/v2\/product\/24071\/revisions"}],"wp:featuredmedia":[{"embeddable":true,"href":"https:\/\/thorteam.co\/en\/wp-json\/wp\/v2\/media\/23853"}],"wp:attachment":[{"href":"https:\/\/thorteam.co\/en\/wp-json\/wp\/v2\/media?parent=24071"}],"wp:term":[{"taxonomy":"product_brand","embeddable":true,"href":"https:\/\/thorteam.co\/en\/wp-json\/wp\/v2\/product_brand?post=24071"},{"taxonomy":"product_cat","embeddable":true,"href":"https:\/\/thorteam.co\/en\/wp-json\/wp\/v2\/product_cat?post=24071"},{"taxonomy":"product_tag","embeddable":true,"href":"https:\/\/thorteam.co\/en\/wp-json\/wp\/v2\/product_tag?post=24071"}],"curies":[{"name":"wp","href":"https:\/\/api.w.org\/{rel}","templated":true}]}}