{"id":24175,"date":"2024-12-01T01:55:29","date_gmt":"2024-12-01T00:55:29","guid":{"rendered":"https:\/\/thorteam.co\/?post_type=product&#038;p=24175"},"modified":"2026-04-22T00:59:05","modified_gmt":"2026-04-21T22:59:05","slug":"turinabol-10mg-nouveaux","status":"publish","type":"product","link":"https:\/\/thorteam.co\/en\/loja\/todas-las-marcas\/nouveaux-ltd\/turinabol-10mg-nouveaux\/","title":{"rendered":"Turinabol 10mg Nouveaux"},"content":{"rendered":"<p>El Turinabol es un esteroide anab\u00f3lico \u00fanico, lanzado por primera vez en 1962 por Jenapharm en Alemania Oriental. Este esteroide es conocido por sus poderosas acciones anab\u00f3licas, minimizando al m\u00e1ximo las caracter\u00edsticas androg\u00e9nicas. Fue utilizado ampliamente no solo por hombres, sino tambi\u00e9n por mujeres e incluso ni\u00f1os en contextos terap\u00e9uticos, siendo eficaz para construir y proteger la masa magra y \u00f3sea sin complicaciones graves.<\/p>\n<h2>Perfil del Turinabol<\/h2>\n<ul>\n<li>\u00cdndice Androg\u00e9nico: 0-50<\/li>\n<li>\u00cdndice Anab\u00f3lico: 100-180<\/li>\n<li>Nivel de Estr\u00f3geno: Ninguno<\/li>\n<li>Aromatizaci\u00f3n: Ninguna<\/li>\n<li>Toxicidad para el H\u00edgado: Moderada<\/li>\n<li>Retenci\u00f3n de Agua: Ninguna<\/li>\n<li>Presi\u00f3n Alta: Ninguna<\/li>\n<\/ul>\n<h2>Efectos<\/h2>\n<ul>\n<li>Aumento de la masa muscular magra<\/li>\n<li>Mejora de la fuerza<\/li>\n<li>Aumento de la testosterona libre<\/li>\n<li>Resultados visibles sin aumento de peso<\/li>\n<li>Menos y menores efectos secundarios<\/li>\n<li>Capacidad de unirse fuertemente a la SHBG<\/li>\n<li>M\u00fasculos m\u00e1s firmes sin apariencia hinchada<\/li>\n<\/ul>\n<h2>Rango de Dosis y Duraci\u00f3n de Uso<\/h2>\n<ul>\n<li>Duraci\u00f3n del ciclo com\u00fan: 6 a 8 semanas<\/li>\n<li>Principiantes: 20-30 mg\/d\u00eda<\/li>\n<li>Intermedios: 30-40 mg\/d\u00eda<\/li>\n<li>Rango profesional: 40-60 mg\/d\u00eda<\/li>\n<li>Mujeres: 10 mg\/d\u00eda<\/li>\n<li>Vida media: 16 horas<\/li>\n<li>Tiempo de detecci\u00f3n: 6-8 semanas (algunos informan hasta 30 semanas)<\/li>\n<\/ul>\n<h2>Efectos Secundarios<\/h2>\n<p>El Turinabol tiene menos efectos secundarios en comparaci\u00f3n con otros esteroides anab\u00f3licos, pero a\u00fan debe usarse con cautela, especialmente debido a su impacto potencial en el colesterol y la producci\u00f3n natural de testosterona.<\/p>\n<ul>\n<li>Reducci\u00f3n de la producci\u00f3n natural de testosterona<\/li>\n<li>Acn\u00e9 y p\u00e9rdida de cabello en individuos gen\u00e9ticamente predispuestos<\/li>\n<li>Aumento de los niveles de colesterol LDL (malo) y reducci\u00f3n de los niveles de HDL (bueno)<\/li>\n<li>Puede causar crecimiento de vello corporal en algunos usuarios<\/li>\n<\/ul>\n<h2>Terapia Post-Ciclo (TPC)<\/h2>\n<p>La TPC debe comenzar de 48 a 60 horas despu\u00e9s de la \u00faltima dosis de Turinabol. Esta fase es crucial para ayudar a restaurar la producci\u00f3n natural de testosterona y mitigar los efectos secundarios prolongados.<\/p>\n<h2>Almacenamiento<\/h2>\n<p>Conservar en un lugar seco y protegido de la luz, a una temperatura de 15-25\u00b0C. Mantener fuera del alcance de los ni\u00f1os.<\/p>","protected":false},"excerpt":{"rendered":"<p><strong>Manufacturer:<\/strong> New<\/p>\n<p><strong>Embalaje:<\/strong> 100 tablets\/bottle (10 mg\/tablet)<\/p>\n<p><strong>Clase de f\u00e1rmacos:<\/strong> Esteroide anab\u00f3lico\/androg\u00e9nico<\/p>\n<p><strong>Estructura qu\u00edmica:<\/strong> (17\u03b2)-4-chloro-17-hydroxy-17-methylandrosta-1,4-dien-3-one<\/p>","protected":false},"featured_media":25084,"template":"","meta":[],"product_brand":[],"product_cat":[699,668,659,675],"product_tag":[],"class_list":{"0":"post-24175","1":"product","2":"type-product","3":"status-publish","4":"has-post-thumbnail","6":"product_cat-nouveaux-ltd","7":"product_cat-orales","8":"product_cat-todas-las-marcas","9":"product_cat-turinabol-4-clorodehidrometiltestosterona","11":"first","12":"outofstock","13":"shipping-taxable","14":"purchasable","15":"product-type-simple"},"jetpack_sharing_enabled":true,"_links":{"self":[{"href":"https:\/\/thorteam.co\/en\/wp-json\/wp\/v2\/product\/24175","targetHints":{"allow":["GET"]}}],"collection":[{"href":"https:\/\/thorteam.co\/en\/wp-json\/wp\/v2\/product"}],"about":[{"href":"https:\/\/thorteam.co\/en\/wp-json\/wp\/v2\/types\/product"}],"version-history":[{"count":0,"href":"https:\/\/thorteam.co\/en\/wp-json\/wp\/v2\/product\/24175\/revisions"}],"wp:featuredmedia":[{"embeddable":true,"href":"https:\/\/thorteam.co\/en\/wp-json\/wp\/v2\/media\/25084"}],"wp:attachment":[{"href":"https:\/\/thorteam.co\/en\/wp-json\/wp\/v2\/media?parent=24175"}],"wp:term":[{"taxonomy":"product_brand","embeddable":true,"href":"https:\/\/thorteam.co\/en\/wp-json\/wp\/v2\/product_brand?post=24175"},{"taxonomy":"product_cat","embeddable":true,"href":"https:\/\/thorteam.co\/en\/wp-json\/wp\/v2\/product_cat?post=24175"},{"taxonomy":"product_tag","embeddable":true,"href":"https:\/\/thorteam.co\/en\/wp-json\/wp\/v2\/product_tag?post=24175"}],"curies":[{"name":"wp","href":"https:\/\/api.w.org\/{rel}","templated":true}]}}