{"id":28853,"date":"2025-11-28T19:35:52","date_gmt":"2025-11-28T18:35:52","guid":{"rendered":"https:\/\/thorteam.co\/?post_type=product&#038;p=28853"},"modified":"2026-04-13T00:20:48","modified_gmt":"2026-04-12T22:20:48","slug":"retatruide-10mg-synthera-labs","status":"publish","type":"product","link":"https:\/\/thorteam.co\/en\/loja\/quema-de-grasa\/retatrutide\/retatruide-10mg-synthera-labs\/","title":{"rendered":"Retatruide 10mg Synthera Labs"},"content":{"rendered":"<h3>\u00bfQu\u00e9 es Retatrutida?<\/h3>\n<p>Retatrutida es un medicamento experimental a base de p\u00e9ptidos desarrollado para perder peso y normalizar el metabolismo. Act\u00faa a trav\u00e9s de un triple mecanismo, activando los receptores GLP-1, GIP y glucag\u00f3n, hormonas que regulan el apetito, el az\u00facar en sangre y el gasto energ\u00e9tico. Esta combinaci\u00f3n \u00fanica lo convierte actualmente en uno de los nuevos candidatos m\u00e1s prometedores para el tratamiento de la obesidad y los trastornos metab\u00f3licos.<\/p>\n<p>Y ahora, Retatrutide por fin est\u00e1 disponible en nuestra tienda para aquellos que quieran explorar su potencial de primera mano.<\/p>\n<h3>\u00bfQui\u00e9n puede beneficiarse de Retatrutida?<\/h3>\n<p>\u2713 Si quieres perder peso y controlar tu apetito sin hacer dietas extremas ni pasar hambre, Retatrutida reduce tu apetito y prolonga la sensaci\u00f3n de saciedad, ayud\u00e1ndote a comer menos y perder el exceso de peso c\u00f3modamente.<\/p>\n<p>\u2713 Si tiene resistencia a la insulina, s\u00edndrome metab\u00f3lico o prediabetes, el medicamento aumenta la sensibilidad a la insulina y favorece la regulaci\u00f3n del az\u00facar en sangre.<\/p>\n<p>\u2713 Si sufres de obesidad y afecciones relacionadas como presi\u00f3n arterial alta, fatiga o inflamaci\u00f3n, Retatrutida ayuda a reducir la tensi\u00f3n en los \u00f3rganos internos y mejora tu metabolismo.<\/p>\n<p>\u2713 Si le han diagnosticado diabetes tipo 2, esto puede ayudarle a controlar mejor su nivel de az\u00facar en la sangre, reducir los antojos de comida y servir como una herramienta terap\u00e9utica adicional.<\/p>\n<p>\u2713 Si desea prevenir la enfermedad del h\u00edgado graso: la retatrutida puede reducir los niveles de grasa en el h\u00edgado y reducir la inflamaci\u00f3n sist\u00e9mica.<\/p>\n<h3>\u00bfC\u00f3mo tomar Retatrutida?<\/h3>\n<p>Retatrutida se presenta en un vial que contiene 10 mg de polvo liofilizado. Debe reconstituirse con el agua bacteriost\u00e1tica proporcionada antes de su uso. V<br \/>\nHorario de dosificaci\u00f3n<br \/>\nPaso Dosis semanal Plazo Notas<br \/>\nComience con 2,5 mg Semanas 1 a 4 para adaptaci\u00f3n y menos efectos secundarios<br \/>\nPrimer aumento 5 mg Semanas 5 a 8 Si se tolera bien<br \/>\nPaso opcional 7,5 mg Semanas 9 a 12 Agregar si se necesita m\u00e1s efecto<br \/>\nRango habitual 10\u201312,5 mg Despu\u00e9s de la semana 12 La mayor\u00eda de las personas permanecen aqu\u00ed para obtener beneficios a largo plazo<br \/>\nM\u00e1ximo 15 mg Hasta alcanzar el objetivo S\u00f3lo si dosis m\u00e1s bajas no funcionan y son bien toleradas<\/p>\n<p>Administrar una vez por semana, el mismo d\u00eda de la semana.<br \/>\nAntes de inyectar, inspeccionar visualmente la soluci\u00f3n (debe ser transparente, sin part\u00edculas ni sedimentos)<br \/>\nSi se presentan n\u00e1useas o debilidad, disminuya la dosis o tome un descanso durante 1 semana.<\/p>\n<h3>Contraindicaciones y precauciones.<\/h3>\n<p>No lo use si tiene antecedentes familiares de c\u00e1ncer medular de tiroides o s\u00edndrome MEN2.<br \/>\nTenga cuidado si tiene pancreatitis, enfermedad de la ves\u00edcula biliar o problemas de tiroides.<br \/>\nNo combinar con medicamentos que disminuyan la motilidad gastrointestinal sin consejo m\u00e9dico.<\/p>\n<h3>Posibles efectos secundarios<\/h3>\n<p>N\u00e1useas (especialmente en las primeras semanas)<br \/>\nP\u00e9rdida de apetito<br \/>\nHinchaz\u00f3n, gases, heces blandas o estre\u00f1imiento.<br \/>\nFatiga, dolor de cabeza<br \/>\nRaros: enzimas pancre\u00e1ticas elevadas, dolor abdominal (interrumpir si se produce dolor intenso)<\/p>\n<h3>\u00bfC\u00f3mo almacenar?<\/h3>\n<p>Mantenga el producto refrigerado a 2\u20138\u00b0C (36\u201346\u00b0F).<br \/>\nNo te congeles.<br \/>\nProteger de la luz.<br \/>\nEvite los cambios frecuentes de temperatura (por ejemplo, sacarlo repetidamente del frigor\u00edfico).<br \/>\nUna vez reconstituido, mantener refrigerado y utilizar en aproximadamente un mes.<\/p>\n<h3>\u00bfC\u00f3mo funciona la recta?<\/h3>\n<p>La l\u00ednea recta act\u00faa en tres receptores hormonales principales involucrados en la respuesta de los alimentos y la regulaci\u00f3n metab\u00f3lica: receptor GLP-1, GIP y glucag\u00f3n. Su activaci\u00f3n combinada conduce a la supresi\u00f3n del apetito, un mejor control de glucosa y una mayor quema de grasa. GLP-1<br \/>\nGLP-1<\/p>\n<p>GLP-1 (p\u00e9ptido-1 similar al glucag\u00f3n) es una hormona secretada por el intestino despu\u00e9s de la alimentaci\u00f3n. Le indica al cerebro que el cuerpo ha recibido suficiente comida, promoviendo la saciedad temprana y reduciendo el hambre durante varias horas. Tambi\u00e9n ralentice el vaciado g\u00e1strico, que prolonga la sensaci\u00f3n de saciedad.<\/p>\n<p>Adem\u00e1s del control del apetito, el LPG-1 estimula el p\u00e1ncreas para liberar la insulina con precisi\u00f3n cuando el az\u00facar en la sangre aumenta, particularmente importante para las personas con resistencia a la insulina. Tambi\u00e9n reduce la secreci\u00f3n de glucag\u00f3n, una hormona que aumenta el az\u00facar en la sangre. Este doble mecanismo ayuda a restaurar el equilibrio metab\u00f3lico adecuado en personas con sobrepeso o disfunci\u00f3n metab\u00f3lica.<\/p>\n<h3>Gips<\/h3>\n<p>GIP (dependiente del p\u00e9ptido de p\u00e9ptido insulinotr\u00f3pico) es otra hormona liberada despu\u00e9s de las comidas. Ayuda a regular el az\u00facar en la sangre, pero de manera diferente a GLP-1. GIP amplifica la respuesta a la insulina del cuerpo, especialmente despu\u00e9s de consumir carbohidratos y grasas.<\/p>\n<p>Aumenta la producci\u00f3n de insulina y mejora la capacidad celular para absorber la glucosa, promoviendo su uso como energ\u00eda en lugar de dejarla en circulaci\u00f3n. El az\u00facar alto y persistente en la sangre puede sobrecargar el p\u00e1ncreas, aumentar la inflamaci\u00f3n sist\u00e9mica y acelerar la acumulaci\u00f3n de grasas, lo que aumenta el riesgo de diabetes. GIP tambi\u00e9n suprime la producci\u00f3n hep\u00e1tica de glucosa y puede ayudar a regular el metabolismo de los l\u00edpidos, lo que limita el almacenamiento de grasa.<\/p>\n<p>Curiosamente, el GIP en s\u00ed tiene un impacto limitado, pero en combinaci\u00f3n con GLP-1, los resultados son significativamente m\u00e1s fuertes para un mayor control del az\u00facar en la sangre y una p\u00e9rdida de peso m\u00e1s efectiva.<\/p>\n<h3>Gluc\u00e1g\u00f3n<\/h3>\n<p>El glucag\u00f3n es una hormona que funciona opuesta a la insulina. Mientras que la insulina promueve el almacenamiento de nutrientes despu\u00e9s de la ingesti\u00f3n, el glucag\u00f3n se activa durante el ayuno o el bajo nivel de az\u00facar en la sangre. Desencadena la movilizaci\u00f3n del almacenamiento de energ\u00eda interna: rompiendo el gluc\u00f3geno en el h\u00edgado, la lip\u00f3lisis inicial (rotura de grasa) y estimulando la producci\u00f3n de glucosa a partir de amino\u00e1cidos.<\/p>\n<p>Cuando los receptores de glucag\u00f3n se activan artificialmente, como en la estaitrutida, el cuerpo aumenta el gasto de energ\u00eda incluso en reposo. La lip\u00f3lisis se intensifica, de modo que la grasa almacenada en el tejido adiposo se rompe y se usa como combustible.<\/p>\n<h3>Retatruide vs semaglutida vs tirzepatide<\/h3>\n<p>Semaglutido, tirzepatid y retatrutida pertenecen a la misma clase de medicamentos: se dirigen a las hormonas involucradas en el apetito, la regulaci\u00f3n de la glucosa y el equilibrio energ\u00e9tico. Pero difieren fundamentalmente en la forma en que trabajan, y los estudios muestran diferencias en los resultados cl\u00ednicos. Si est\u00e1 pensando en comprar un retirado y comparar su costo con otros medicamentos para bajar de peso, es importante comprender c\u00f3mo estos tres medicamentos difieren en mecanismo y efectividad, y cu\u00e1les pueden ser los m\u00e1s adecuados para sus objetivos.<\/p>\n<h3>Brevemente<\/h3>\n<p>Semaglutide funciona en un receptor (GLP-1)<br \/>\nTarzepatide Target dos (GLP-1 y GIP)<br \/>\nEl Retatruide Activa Three (LPG-1, GIP y Glucag\u00f3n) a la derecha.<\/p>\n<p>Receptores activados por f\u00e1rmacos Efectos principales Reducci\u00f3n de peso medio (datos cl\u00ednicos)<br \/>\nSemaglutida LPG-1 supresi\u00f3n del apetito, vaciado g\u00e1strico m\u00e1s lento, control de glucosa de hasta ~ 15% en 68 semanas<br \/>\nTirzepatide LPG-1 + GIP<br \/>\nApetito, glucosa, respuesta a la insulina, metabolismo de grasa<br \/>\nHasta ~ 22.5% en 72 semanas<br \/>\nLPG-1 + GIP + Retatruro de glucag\u00f3n All Above + Energy Gasto y mejorado de grasa hasta ~ 24% en 48 semanas<\/p>\n<p>El retatride se encuentra actualmente en ensayos cl\u00ednicos de fase 3, con fases anteriores ya completadas con \u00e9xito. Mostr\u00f3 fuertes resultados en ensayos humanos sin efectos secundarios importantes, por lo que es un candidato probable para la aprobaci\u00f3n futura como un nuevo tratamiento m\u00e9dico.<\/p>","protected":false},"excerpt":{"rendered":"<p><strong>Manufacturer:<\/strong> Synthera Labs<\/p>\n<p><strong>Cantidad:<\/strong> 10 mg de retatruide<\/p>\n<p><strong>Presentaci\u00f3n:<\/strong> 1 botella con 10 mg recto + 1 ml de agua bacteriost\u00e1tica<\/p>","protected":false},"featured_media":28854,"template":"","meta":[],"product_brand":[],"product_cat":[701,746,747,659],"product_tag":[],"class_list":{"0":"post-28853","1":"product","2":"type-product","3":"status-publish","4":"has-post-thumbnail","6":"product_cat-quema-de-grasa","7":"product_cat-retatrutide","8":"product_cat-synthera-labs","9":"product_cat-todas-las-marcas","11":"first","12":"outofstock","13":"shipping-taxable","14":"purchasable","15":"product-type-simple"},"jetpack_sharing_enabled":true,"_links":{"self":[{"href":"https:\/\/thorteam.co\/en\/wp-json\/wp\/v2\/product\/28853","targetHints":{"allow":["GET"]}}],"collection":[{"href":"https:\/\/thorteam.co\/en\/wp-json\/wp\/v2\/product"}],"about":[{"href":"https:\/\/thorteam.co\/en\/wp-json\/wp\/v2\/types\/product"}],"version-history":[{"count":0,"href":"https:\/\/thorteam.co\/en\/wp-json\/wp\/v2\/product\/28853\/revisions"}],"wp:featuredmedia":[{"embeddable":true,"href":"https:\/\/thorteam.co\/en\/wp-json\/wp\/v2\/media\/28854"}],"wp:attachment":[{"href":"https:\/\/thorteam.co\/en\/wp-json\/wp\/v2\/media?parent=28853"}],"wp:term":[{"taxonomy":"product_brand","embeddable":true,"href":"https:\/\/thorteam.co\/en\/wp-json\/wp\/v2\/product_brand?post=28853"},{"taxonomy":"product_cat","embeddable":true,"href":"https:\/\/thorteam.co\/en\/wp-json\/wp\/v2\/product_cat?post=28853"},{"taxonomy":"product_tag","embeddable":true,"href":"https:\/\/thorteam.co\/en\/wp-json\/wp\/v2\/product_tag?post=28853"}],"curies":[{"name":"wp","href":"https:\/\/api.w.org\/{rel}","templated":true}]}}