{"id":24016,"date":"2024-12-01T01:55:13","date_gmt":"2024-12-01T00:55:13","guid":{"rendered":"https:\/\/thorteam.co\/?post_type=product&#038;p=24016"},"modified":"2025-10-09T01:43:21","modified_gmt":"2025-10-08T23:43:21","slug":"decanoato-de-nandrolona-100mg-ml-organon","status":"publish","type":"product","link":"https:\/\/thorteam.co\/es\/loja\/injetaveis\/decanoato-nandrolona-deca-lenta\/decanoato-de-nandrolona-100mg-ml-organon\/","title":{"rendered":"Decanoato de nandrolona 100 mg\/ml Organon"},"content":{"rendered":"<p><strong>Decanoato de Nandrolona<\/strong><\/p>\n<p>El Decanoato de Nandrolona, tambi\u00e9n conocido como 19 Nortestosterona, es un esteroide anab\u00f3lico ampliamente utilizado para la construcci\u00f3n muscular y el aumento de fuerza. Introducido en el mercado en 1960, el decanoato r\u00e1pidamente se convirti\u00f3 en uno de los esteroides m\u00e1s populares entre atletas y culturistas debido a su efectividad y perfil de efectos secundarios relativamente favorable.<\/p>\n<p>Este esteroide es estructuralmente similar a la testosterona, excepto por un \u00e1tomo de carbono eliminado en la posici\u00f3n 19, lo que le otorga propiedades \u00fanicas. El decanoato de nandrolona no solo promueve un crecimiento muscular explosivo, sino que tambi\u00e9n aumenta la producci\u00f3n de gl\u00f3bulos rojos, mejora la densidad \u00f3sea y proporciona beneficios terap\u00e9uticos para las articulaciones. Adem\u00e1s, se sabe que mejora la s\u00edntesis de col\u00e1geno y promueve la producci\u00f3n de IGF-1, lo que resulta en ganancias musculares de alta calidad.<\/p>\n<p>Con una vida media de 7 a 10 d\u00edas y un tiempo de detecci\u00f3n que puede extenderse de 18 a 24 meses, el decanoato de nandrolona es ideal para ciclos a largo plazo. La dosificaci\u00f3n puede variar seg\u00fan la experiencia del usuario, con recomendaciones que van desde 200 mg por semana para principiantes hasta 1000 mg para usuarios profesionales.<\/p>\n<p><strong>Efectos y Beneficios<\/strong><\/p>\n<ul>\n<li>Crecimiento muscular acelerado y significativo.<\/li>\n<li>Aumento del recuento de gl\u00f3bulos rojos.<\/li>\n<li>Fortalecimiento del sistema inmunol\u00f3gico.<\/li>\n<li>Mejora de la salud de las articulaciones.<\/li>\n<li>Aumento de la densidad \u00f3sea.<\/li>\n<li>Producci\u00f3n optimizada de IGF-1 y s\u00edntesis de col\u00e1geno.<\/li>\n<li>Ganancias musculares con m\u00ednimo efecto reverso.<\/li>\n<\/ul>\n<p><strong>Efectos Secundarios<\/strong><\/p>\n<p>Aunque el decanoato de nandrolona tiene un perfil de seguridad relativamente bueno, puede causar efectos secundarios como dolor de cabeza, rinitis, dolor en la espalda y erupciones cut\u00e1neas. El uso prolongado puede llevar a alteraciones en la presi\u00f3n arterial, irritabilidad y molestias abdominales. Para minimizar los efectos secundarios relacionados con la progesterona, se recomienda el uso de terapias complementarias.<\/p>\n<p><strong>Post-Ciclo<\/strong><\/p>\n<p>Despu\u00e9s de finalizar el ciclo, la terapia post-ciclo (TPC) es esencial para restaurar los niveles hormonales naturales. Se recomienda el uso de citrato de tamoxifeno y citrato de clomifeno para optimizar la recuperaci\u00f3n hormonal.<\/p>\n<p><strong>Conclusi\u00f3n<\/strong><\/p>\n<p>El Decanoato de Nandrolona es una opci\u00f3n popular entre los atletas que buscan mejorar su rendimiento y aumentar su masa muscular. Con una combinaci\u00f3n efectiva de resultados y un perfil de seguridad favorable, este esteroide sigue siendo un pilar en el mundo del culturismo y el rendimiento atl\u00e9tico.<\/p>","protected":false},"excerpt":{"rendered":"<p><strong>Fabricante:<\/strong> organon<\/p>\n<p><strong>Embalaje:<\/strong> 5 vial de 2ml con 100 mg\/ml<\/p>\n<p><strong>Clase de drogas:<\/strong> Esteroides anab\u00f3licos\/androg\u00e9nicos<\/p>\n<p><strong>Estructura qu\u00edmica:<\/strong> 19-Nor-4-androstene-3-ona, 17b-ol o 4-Estreno-17beta-ol-3-ona<\/p>","protected":false},"featured_media":25226,"template":"","meta":[],"product_brand":[],"product_cat":[692,676,659],"product_tag":[364,365,366,367,368,369,370,371,372],"class_list":{"0":"post-24016","1":"product","2":"type-product","3":"status-publish","4":"has-post-thumbnail","6":"product_cat-decanoato-nandrolona-deca-lenta","7":"product_cat-injetaveis","8":"product_cat-todas-las-marcas","9":"product_tag-19-nortestosterone-decanoate","10":"product_tag-deca","11":"product_tag-deca-durabalin","12":"product_tag-deca-durabol","13":"product_tag-deca-durabolin","14":"product_tag-decabol","15":"product_tag-decaneurabol","16":"product_tag-metadec","17":"product_tag-retabolil","19":"first","20":"instock","21":"shipping-taxable","22":"purchasable","23":"product-type-simple"},"jetpack_sharing_enabled":true,"_links":{"self":[{"href":"https:\/\/thorteam.co\/es\/wp-json\/wp\/v2\/product\/24016","targetHints":{"allow":["GET"]}}],"collection":[{"href":"https:\/\/thorteam.co\/es\/wp-json\/wp\/v2\/product"}],"about":[{"href":"https:\/\/thorteam.co\/es\/wp-json\/wp\/v2\/types\/product"}],"version-history":[{"count":0,"href":"https:\/\/thorteam.co\/es\/wp-json\/wp\/v2\/product\/24016\/revisions"}],"wp:featuredmedia":[{"embeddable":true,"href":"https:\/\/thorteam.co\/es\/wp-json\/wp\/v2\/media\/25226"}],"wp:attachment":[{"href":"https:\/\/thorteam.co\/es\/wp-json\/wp\/v2\/media?parent=24016"}],"wp:term":[{"taxonomy":"product_brand","embeddable":true,"href":"https:\/\/thorteam.co\/es\/wp-json\/wp\/v2\/product_brand?post=24016"},{"taxonomy":"product_cat","embeddable":true,"href":"https:\/\/thorteam.co\/es\/wp-json\/wp\/v2\/product_cat?post=24016"},{"taxonomy":"product_tag","embeddable":true,"href":"https:\/\/thorteam.co\/es\/wp-json\/wp\/v2\/product_tag?post=24016"}],"curies":[{"name":"wp","href":"https:\/\/api.w.org\/{rel}","templated":true}]}}