{"id":24078,"date":"2024-12-01T01:55:19","date_gmt":"2024-12-01T00:55:19","guid":{"rendered":"https:\/\/thorteam.co\/?post_type=product&#038;p=24078"},"modified":"2024-12-22T18:47:54","modified_gmt":"2024-12-22T17:47:54","slug":"anastrozol-05mg-driada-medical","status":"publish","type":"product","link":"https:\/\/thorteam.co\/es\/loja\/terapia-post-ciclo-protectores\/anastrozol-arimidex\/anastrozol-05mg-driada-medical\/","title":{"rendered":"Anastrozol 0,5 mg Driada Medical"},"content":{"rendered":"<p><strong>Anastrozol (Arimidex)<\/strong><\/p>\n<p>Desarrollado a principios de la d\u00e9cada de 1990 por Zenaca Pharmaceuticals y lanzado en 1995 bajo el nombre comercial de <strong>Arimidex<\/strong>, este es quiz\u00e1s el inhibidor de aromatasa (IA) m\u00e1s utilizado y uno de los antiestrog\u00e9nicos m\u00e1s comunes en el mercado.<\/p>\n<p><strong>Arimidex<\/strong> ha demostrado ser muy eficaz en el tratamiento del c\u00e1ncer de mama, incluso m\u00e1s que el tradicional <strong>Nolvadex<\/strong> (citrato de tamoxifeno), y es un antiestrog\u00e9nico favorito entre muchos usuarios de esteroides anabolizantes.<\/p>\n<hr \/>\n<h3><strong>PERFIL DEL ANASTROZOL<\/strong><\/h3>\n<ul>\n<li><strong>Actividad anab\u00f3lica<\/strong>: N\/a<\/li>\n<li><strong>Actividad androg\u00e9nica<\/strong>: N\/a<\/li>\n<li><strong>Retenci\u00f3n de agua<\/strong>: N\/a<\/li>\n<li><strong>Hipertensi\u00f3n<\/strong>: N\/a<\/li>\n<li><strong>Aromatizaci\u00f3n<\/strong>: Antagonista del estr\u00f3geno (no impide el proceso de aromatizaci\u00f3n)<\/li>\n<li><strong>Toxicidad hep\u00e1tica<\/strong>: Baja<\/li>\n<li><strong>Vida media<\/strong>: 40-50 horas<\/li>\n<\/ul>\n<hr \/>\n<h3><strong>EFECTOS<\/strong><\/h3>\n<p>Para los usuarios de esteroides anabolizantes, los efectos del <strong>Anastrozol<\/strong> son muy valorados por su capacidad para proteger contra los efectos secundarios relacionados con el estr\u00f3geno.<\/p>\n<p>Al incluir <strong>Anastrozol<\/strong> en un ciclo de esteroides anabolizantes que contenga esteroides aromatizantes, el individuo puede protegerse contra la ginecomastia y la retenci\u00f3n de agua. Tambi\u00e9n proteger\u00e1 contra la hipertensi\u00f3n. Algunos esteroides a\u00fan pueden causar hipertensi\u00f3n sin retenci\u00f3n de agua, pero el exceso de retenci\u00f3n de agua es la principal causa de hipertensi\u00f3n entre los usuarios de esteroides anabolizantes. Sin duda, los AIs como el <strong>Anastrozol<\/strong> son los antiestrog\u00e9nicos m\u00e1s efectivos para combatir los efectos secundarios relacionados con el estr\u00f3geno.<\/p>\n<p>Como compuesto estimulante de la testosterona, el <strong>Anastrozol<\/strong> tambi\u00e9n puede ser atractivo para los planes de tratamiento de baja testosterona y para la terapia postciclo (PCT) de los usuarios de esteroides anabolizantes. En el tratamiento de la baja testosterona, a menudo no es suficiente por s\u00ed solo, pero a\u00fan puede ser beneficioso en combinaci\u00f3n con la terapia de testosterona ex\u00f3gena para proteger contra los efectos secundarios estrog\u00e9nicos. En cuanto al uso de <strong>PCT<\/strong>, algunos usuarios intentan y pueden experimentar un efecto positivo.<\/p>\n<hr \/>\n<h3><strong>DOSIS Y DURACI\u00d3N DEL USO<\/strong><\/h3>\n<p>La terapia con <strong>Anastrozol<\/strong> no debe exceder las 2 semanas.<br \/>\nEl <strong>Anastrozol<\/strong> puede ser utilizado tanto en la <strong>PCT<\/strong> como en el pre-ciclo.<\/p>\n<p><strong>Dosis leve media<\/strong>:<\/p>\n<ul>\n<li>Hombres: 0,50 mg\/d\u00eda o cada 2-3 d\u00edas<\/li>\n<\/ul>\n<p><strong>Dosis media<\/strong>:<\/p>\n<ul>\n<li>Hombres: 0,25 \u2013 1 mg\/d\u00eda<br \/>\n(Pocas personas necesitan m\u00e1s de 1 \u2013 3 mg\/d\u00eda)<\/li>\n<\/ul>\n<p><strong>Mujeres<\/strong>:<\/p>\n<ul>\n<li>0,25 \u2013 0,75 mg\/d\u00eda<\/li>\n<\/ul>\n<hr \/>\n<h3><strong>EFECTOS SECUNDARIOS<\/strong><\/h3>\n<p>El efecto secundario m\u00e1s com\u00fan es <strong>debilidad y fatiga<\/strong>.<br \/>\nOtros efectos secundarios posibles incluyen:<\/p>\n<ul>\n<li>Dolor de cabeza<\/li>\n<li>Sofocos<\/li>\n<li>Hipertensi\u00f3n<\/li>\n<li>Dolor en las articulaciones<\/li>\n<li>Depresi\u00f3n (raro)<\/li>\n<li>N\u00e1useas y\/o v\u00f3mitos (raro)<\/li>\n<\/ul>\n<hr \/>\n<h3><strong>ALMACENAMIENTO<\/strong><\/h3>\n<ul>\n<li>Almacenar en un lugar seco, protegido de la luz, a una temperatura de 15-25\u00b0C.<\/li>\n<li>Mantener fuera del alcance de los ni\u00f1os.<\/li>\n<\/ul>","protected":false},"excerpt":{"rendered":"<p><strong>Fabricante<\/strong>: Driada Medical<br \/>\n<strong>Embalaje<\/strong>: 50 comprimidos (0,5 mg\/comprimido)<br \/>\n<strong>Clase de Medicamentos<\/strong>: Antineopl\u00e1sicos, Inhibidores de la Aromatasa<br \/>\n<strong>Estructura Qu\u00edmica<\/strong>: 2,2\u2032-[5-(1H-1,2,4-triazol-1-ilmetil)-1,3-fenileno]bis(2-metilpropanonitrila)<\/p>\n","protected":false},"featured_media":23810,"template":"","meta":[],"product_brand":[],"product_cat":[658,710,668,657,659],"product_tag":[],"class_list":{"0":"post-24078","1":"product","2":"type-product","3":"status-publish","4":"has-post-thumbnail","6":"product_cat-anastrozol-arimidex","7":"product_cat-driada-medical","8":"product_cat-orales","9":"product_cat-terapia-post-ciclo-protectores","10":"product_cat-todas-las-marcas","12":"first","13":"instock","14":"shipping-taxable","15":"purchasable","16":"product-type-simple"},"jetpack_sharing_enabled":true,"_links":{"self":[{"href":"https:\/\/thorteam.co\/es\/wp-json\/wp\/v2\/product\/24078","targetHints":{"allow":["GET"]}}],"collection":[{"href":"https:\/\/thorteam.co\/es\/wp-json\/wp\/v2\/product"}],"about":[{"href":"https:\/\/thorteam.co\/es\/wp-json\/wp\/v2\/types\/product"}],"version-history":[{"count":0,"href":"https:\/\/thorteam.co\/es\/wp-json\/wp\/v2\/product\/24078\/revisions"}],"wp:featuredmedia":[{"embeddable":true,"href":"https:\/\/thorteam.co\/es\/wp-json\/wp\/v2\/media\/23810"}],"wp:attachment":[{"href":"https:\/\/thorteam.co\/es\/wp-json\/wp\/v2\/media?parent=24078"}],"wp:term":[{"taxonomy":"product_brand","embeddable":true,"href":"https:\/\/thorteam.co\/es\/wp-json\/wp\/v2\/product_brand?post=24078"},{"taxonomy":"product_cat","embeddable":true,"href":"https:\/\/thorteam.co\/es\/wp-json\/wp\/v2\/product_cat?post=24078"},{"taxonomy":"product_tag","embeddable":true,"href":"https:\/\/thorteam.co\/es\/wp-json\/wp\/v2\/product_tag?post=24078"}],"curies":[{"name":"wp","href":"https:\/\/api.w.org\/{rel}","templated":true}]}}