{"id":24180,"date":"2024-12-01T01:55:30","date_gmt":"2024-12-01T00:55:30","guid":{"rendered":"https:\/\/thorteam.co\/?post_type=product&#038;p=24180"},"modified":"2025-04-16T21:25:27","modified_gmt":"2025-04-16T19:25:27","slug":"letrozol-25mg-driada-medical","status":"publish","type":"product","link":"https:\/\/thorteam.co\/es\/loja\/todas-las-marcas\/driada-medical\/letrozol-25mg-driada-medical\/","title":{"rendered":"Letrozol 2,5 mg Driada Medical"},"content":{"rendered":"<p>El Letrozol es un potente inhibidor de aromatasa no esteroidal de tercera generaci\u00f3n altamente selectivo y reversible. Los inhibidores o inactivadores de la aromatasa fueron creados como f\u00e1rmacos antineopl\u00e1sicos y generalmente se usan en el tratamiento de neoplasias malignas de mama.<\/p>\n<p>Se utilizan por los hombres para reducir la concentraci\u00f3n de estr\u00f3genos en la sangre y aumentar el nivel de su propia testosterona y hormonas gonadotr\u00f3picas al prevenir la aromatizaci\u00f3n (cuando se expone a la enzima aromatasa, la testosterona se convierte en estr\u00f3geno &#8211; una hormona femenina, el exceso de estr\u00f3geno lleva a efectos secundarios negativos en el cerebro y el hipot\u00e1lamo, reduce la secreci\u00f3n de hormona luteinizante y, en consecuencia, la producci\u00f3n de testosterona).<\/p>\n<p>El Letrozol en s\u00ed mismo no puede reducir la cantidad de estradiol ya elevado, sin embargo, puede prevenir su formaci\u00f3n adicional.<\/p>\n<h2>Uso<\/h2>\n<p>En el culturismo, los inhibidores de la aromatasa se usan com\u00fanmente durante un ciclo de esteroides anab\u00f3licos. Al planificar un ciclo de esteroides, se debe tener en cuenta que no todos los esteroides anab\u00f3licos est\u00e1n sujetos a la aromatizaci\u00f3n. El Letrozol se justifica con la introducci\u00f3n de f\u00e1rmacos como la testosterona y sus derivados: metandrostenolona, metiltestosterona, etc.<\/p>\n<p>Tambi\u00e9n cabe destacar que una concentraci\u00f3n moderada de estr\u00f3genos es beneficiosa para el crecimiento muscular, el estado de \u00e1nimo y la libido, por lo que se indican dosis profil\u00e1cticas en vol\u00famenes que permitan mantener el nivel necesario de estr\u00f3geno para los hombres.<\/p>\n<h2>C\u00f3mo usar<\/h2>\n<p>La soluci\u00f3n m\u00e1s racional es realizar una prueba de estradiol cada 10-14 d\u00edas al tomar esteroides anab\u00f3licos con una vida media corta (propionato de testosterona, metandrostenolona) o despu\u00e9s de 3-4 semanas de introducir \u00e9steres largos (enantato, Sustanon, cipionato). Luego se prescribe la dosis promedio de Letrozol de 0,25 mg todos los d\u00edas\/cada dos d\u00edas. Despu\u00e9s de 10 d\u00edas, se realiza un an\u00e1lisis de control de estradiol y se ajusta la dosis seg\u00fan los resultados.<\/p>\n<p>Para el Letrozol, una dosis efectiva comienza en 0,02 mg (100 veces menor que la dosis terap\u00e9utica) y reduce los niveles de estr\u00f3genos en un tercio. La vida media del letrozol es de 2-4 d\u00edas, lo que permite tomarlo cada dos d\u00edas. As\u00ed, en la pr\u00e1ctica, las dosis altas de inhibidores de la aromatasa a menudo pueden sobresuprimir los niveles de estr\u00f3genos y llevar a lo siguiente:<\/p>\n<h2>Dosificaci\u00f3n<\/h2>\n<p>El Letrozol en una dosis diaria de 1 mg provoca una disminuci\u00f3n del nivel de estradiol en la sangre en un 80%, y en estudios experimentales en un 98,1%. El Letrozol se utiliza a partir de 1 mg cada segundo d\u00eda, con fuerte aromatizaci\u00f3n, la frecuencia de administraci\u00f3n puede aumentar. Vale la pena elegir la dosis seg\u00fan las pruebas de sangre.<\/p>\n<h2>Perfil<\/h2>\n<p><strong>Vida media:<\/strong> 3-4 d\u00edas<\/p>\n<p><strong>Frecuencia de ingesta:<\/strong> 1 vez cada 1-5 d\u00edas<\/p>\n<h2>Efectos<\/h2>\n<ul>\n<li>Prevenci\u00f3n de ginecomastia<\/li>\n<li>Aumento del nivel de hormonas anab\u00f3licas en la sangre<\/li>\n<li>Aumento de la definici\u00f3n muscular (eliminando los efectos negativos del estr\u00f3geno)<\/li>\n<li>Prevenci\u00f3n de hipertensi\u00f3n<\/li>\n<li>Disminuci\u00f3n de la supresi\u00f3n estrog\u00e9nica del eje hipot\u00e1lamo-hip\u00f3fisis-test\u00edculos, lo que conduce a una recuperaci\u00f3n m\u00e1s r\u00e1pida.<\/li>\n<\/ul>\n<h2>Efectos secundarios<\/h2>\n<ul>\n<li>Inhibici\u00f3n del crecimiento muscular<\/li>\n<li>Artralgia (dolor articular)<\/li>\n<li>Disminuci\u00f3n de la fortaleza \u00f3sea<\/li>\n<li>Alteraci\u00f3n del perfil lip\u00eddico de la sangre (aumento del colesterol)<\/li>\n<li>Disminuci\u00f3n de la libido y empeoramiento del estado general<\/li>\n<li>Depresi\u00f3n<\/li>\n<\/ul>\n<h2>C\u00f3mo almacenar<\/h2>\n<ul>\n<li>Mantener fuera del alcance de los ni\u00f1os<\/li>\n<li>Guardar en un lugar fresco y seco, lejos de la luz solar directa<\/li>\n<li>Almacenar a temperatura ambiente<\/li>\n<li>No usar despu\u00e9s de la fecha de caducidad<\/li>\n<\/ul>","protected":false},"excerpt":{"rendered":"<p><strong>Fabricante:<\/strong> Medico Driada<\/p>\n<p><strong>Molde:<\/strong> Oral<\/p>\n<p><strong>Ingredientes:<\/strong> letrozole<\/p>\n<p><strong>Concentraci\u00f3n:<\/strong> 2,5 mg\/tab<\/p>\n<p><strong>Presentaci\u00f3n:<\/strong> Caja de 50 comprimidos<\/p>","protected":false},"featured_media":23827,"template":"","meta":[],"product_brand":[],"product_cat":[710,720,668,657,659],"product_tag":[],"class_list":{"0":"post-24180","1":"product","2":"type-product","3":"status-publish","4":"has-post-thumbnail","6":"product_cat-driada-medical","7":"product_cat-letrozol","8":"product_cat-orales","9":"product_cat-terapia-post-ciclo-protectores","10":"product_cat-todas-las-marcas","12":"first","13":"instock","14":"shipping-taxable","15":"purchasable","16":"product-type-simple"},"jetpack_sharing_enabled":true,"_links":{"self":[{"href":"https:\/\/thorteam.co\/es\/wp-json\/wp\/v2\/product\/24180","targetHints":{"allow":["GET"]}}],"collection":[{"href":"https:\/\/thorteam.co\/es\/wp-json\/wp\/v2\/product"}],"about":[{"href":"https:\/\/thorteam.co\/es\/wp-json\/wp\/v2\/types\/product"}],"version-history":[{"count":0,"href":"https:\/\/thorteam.co\/es\/wp-json\/wp\/v2\/product\/24180\/revisions"}],"wp:featuredmedia":[{"embeddable":true,"href":"https:\/\/thorteam.co\/es\/wp-json\/wp\/v2\/media\/23827"}],"wp:attachment":[{"href":"https:\/\/thorteam.co\/es\/wp-json\/wp\/v2\/media?parent=24180"}],"wp:term":[{"taxonomy":"product_brand","embeddable":true,"href":"https:\/\/thorteam.co\/es\/wp-json\/wp\/v2\/product_brand?post=24180"},{"taxonomy":"product_cat","embeddable":true,"href":"https:\/\/thorteam.co\/es\/wp-json\/wp\/v2\/product_cat?post=24180"},{"taxonomy":"product_tag","embeddable":true,"href":"https:\/\/thorteam.co\/es\/wp-json\/wp\/v2\/product_tag?post=24180"}],"curies":[{"name":"wp","href":"https:\/\/api.w.org\/{rel}","templated":true}]}}