{"id":24183,"date":"2024-12-01T01:55:30","date_gmt":"2024-12-01T00:55:30","guid":{"rendered":"https:\/\/thorteam.co\/?post_type=product&#038;p=24183"},"modified":"2025-04-16T21:25:31","modified_gmt":"2025-04-16T19:25:31","slug":"exemestano-25mg-driada-medical","status":"publish","type":"product","link":"https:\/\/thorteam.co\/es\/loja\/todas-las-marcas\/driada-medical\/exemestano-25mg-driada-medical\/","title":{"rendered":"Exemestano 25mg Driada Medical"},"content":{"rendered":"<p>El exemestano es un inhibidor de aromatasa esteroide (IA) que es m\u00e1s com\u00fanmente conocido como Aromasin.<br \/>\nEl exemestano fue lanzado por primera vez en el mercado de EE. UU. en el a\u00f1o 2000, despu\u00e9s de obtener la aprobaci\u00f3n de la FDA algunos meses antes, en 1999. El objetivo principal de su uso, al igual que la mayor\u00eda de los inhibidores de aromatasa (IA), ser\u00eda combatir el c\u00e1ncer de mama en mujeres posmenop\u00e1usicas. Poco despu\u00e9s, el IA comenzar\u00eda a ganar gran popularidad entre los usuarios de esteroides anabolizantes por su capacidad de proteger contra los efectos secundarios relacionados con el estr\u00f3geno. Esta acci\u00f3n es muy similar a la del IA m\u00e1s antiguo y popular, el Arimidex (Anastrozol). Tambi\u00e9n ganar\u00eda bastante popularidad durante el ciclo y en los planes de terapia post-ciclo (PCT) entre los usuarios de esteroides. No fue el primer IA en ganar tanta popularidad, pero result\u00f3 ser algo m\u00e1s ventajoso para este fin que la mayor\u00eda de los dem\u00e1s IA.<\/p>\n<h3><strong>Perfil del Exemestano<\/strong><\/h3>\n<ul>\n<li><strong>\u00cdndice androg\u00e9nico:<\/strong> Bajo<\/li>\n<li><strong>\u00cdndice anab\u00f3lico:<\/strong> No aplicable<\/li>\n<li><strong>Nivel de estr\u00f3geno:<\/strong> No aplicable (exemestano como bloqueador de estr\u00f3geno)<\/li>\n<li><strong>Actividad progestacional:<\/strong> No aplicable<\/li>\n<li><strong>Toxicidad hep\u00e1tica:<\/strong> Baja<\/li>\n<\/ul>\n<h3><strong>Efectos<\/strong><\/h3>\n<p>El exemestano es una nueva generaci\u00f3n de f\u00e1rmacos que bloquea las enzimas responsables de la aromatizaci\u00f3n. Como resultado de la acci\u00f3n del medicamento, se suprimen entre el 80% y el 85% de los niveles de estr\u00f3geno en el cuerpo del atleta.<\/p>\n<h3><strong>Rango de Dosis y Duraci\u00f3n de Uso<\/strong><\/h3>\n<p>Se recomienda tomar exemestano durante las comidas o despu\u00e9s de la comida.<\/p>\n<ul>\n<li><strong>Duraci\u00f3n del ciclo com\u00fan:<\/strong> De 2 a 4 semanas (algunos usuarios solo toman dos o tres dosis por semana)<\/li>\n<li><strong>Principiantes:<\/strong> 12,5 mg \/ EOD (d\u00edas alternos)<\/li>\n<li><strong>Usuarios recreacionales:<\/strong> 12,5 mg \/ ED (todos los d\u00edas)<\/li>\n<li><strong>Rango profesional:<\/strong> 25 mg \/ ED (todos los d\u00edas)<\/li>\n<li><strong>Mujeres:<\/strong> 12,5 mg \/ ED o EOD<\/li>\n<li><strong>Vida media:<\/strong> 25-27 horas (vida activa alrededor de 130 horas)<\/li>\n<li><strong>Tiempo de detecci\u00f3n:<\/strong> 2-3 semanas<\/li>\n<\/ul>\n<h3><strong>Efectos Secundarios<\/strong><\/h3>\n<ul>\n<li>Debilidad o fatiga<\/li>\n<li>Dolores de cabeza<\/li>\n<li>Sofocos<\/li>\n<li>Presi\u00f3n arterial alta<\/li>\n<li>Dolores articulares<\/li>\n<li>Depresi\u00f3n (raro)<\/li>\n<li>N\u00e1useas y\/o v\u00f3mitos (raro)<\/li>\n<\/ul>\n<h3><strong>Terapia Post-Ciclo (PCT)<\/strong><\/h3>\n<p>El exemestano puede formar parte de su ciclo. (El exemestano durante el ciclo de esteroides evita los efectos secundarios relacionados con la aromatizaci\u00f3n).<br \/>\nEl exemestano tambi\u00e9n puede ser utilizado como parte de la terapia post-ciclo.<\/p>\n<h3><strong>Almacenamiento<\/strong><\/h3>\n<p>Conservar en un lugar seco, protegido de la luz, a una temperatura de 15-25\u00b0C. Mantener fuera del alcance de los ni\u00f1os.<\/p>\n<h3><strong>Combinaci\u00f3n en su Ciclo de Esteroides<\/strong><\/h3>\n<p>El uso de exemestano no se limita solo a la PCT, sino que tambi\u00e9n puede formar parte de su ciclo de esteroides. Supera al Arimidex en aproximadamente un 12% en lo que respecta a la inhibici\u00f3n del estr\u00f3geno. Adem\u00e1s, tambi\u00e9n aumentar\u00e1 los niveles de testosterona. Sin embargo, el exemestano es un f\u00e1rmaco esteroide, lo que significa que tambi\u00e9n ejerce efectos androg\u00e9nicos. Por esta raz\u00f3n, lo m\u00e1s recomendable es reservar su uso para el tiempo de la PCT, cuando este rasgo puede ser incluso beneficioso.<\/p>","protected":false},"excerpt":{"rendered":"<p><strong>Ingredientes<\/strong>: Exemestano<br \/>\n<strong>Concentraci\u00f3n<\/strong>: 25 mg por comprimido<br \/>\n<strong>Presentaci\u00f3n<\/strong>: Caja con 50 comprimidos<br \/>\n<strong>Dosis recomendada<\/strong>: Entre 25 mg y 50 mg por d\u00eda<\/p>","protected":false},"featured_media":23822,"template":"","meta":[],"product_brand":[],"product_cat":[710,661,668,657,659],"product_tag":[],"class_list":{"0":"post-24183","1":"product","2":"type-product","3":"status-publish","4":"has-post-thumbnail","6":"product_cat-driada-medical","7":"product_cat-exemestano-aromasin","8":"product_cat-orales","9":"product_cat-terapia-post-ciclo-protectores","10":"product_cat-todas-las-marcas","12":"first","13":"instock","14":"shipping-taxable","15":"purchasable","16":"product-type-simple"},"jetpack_sharing_enabled":true,"_links":{"self":[{"href":"https:\/\/thorteam.co\/es\/wp-json\/wp\/v2\/product\/24183","targetHints":{"allow":["GET"]}}],"collection":[{"href":"https:\/\/thorteam.co\/es\/wp-json\/wp\/v2\/product"}],"about":[{"href":"https:\/\/thorteam.co\/es\/wp-json\/wp\/v2\/types\/product"}],"version-history":[{"count":0,"href":"https:\/\/thorteam.co\/es\/wp-json\/wp\/v2\/product\/24183\/revisions"}],"wp:featuredmedia":[{"embeddable":true,"href":"https:\/\/thorteam.co\/es\/wp-json\/wp\/v2\/media\/23822"}],"wp:attachment":[{"href":"https:\/\/thorteam.co\/es\/wp-json\/wp\/v2\/media?parent=24183"}],"wp:term":[{"taxonomy":"product_brand","embeddable":true,"href":"https:\/\/thorteam.co\/es\/wp-json\/wp\/v2\/product_brand?post=24183"},{"taxonomy":"product_cat","embeddable":true,"href":"https:\/\/thorteam.co\/es\/wp-json\/wp\/v2\/product_cat?post=24183"},{"taxonomy":"product_tag","embeddable":true,"href":"https:\/\/thorteam.co\/es\/wp-json\/wp\/v2\/product_tag?post=24183"}],"curies":[{"name":"wp","href":"https:\/\/api.w.org\/{rel}","templated":true}]}}