{"id":24184,"date":"2024-12-01T01:55:30","date_gmt":"2024-12-01T00:55:30","guid":{"rendered":"https:\/\/thorteam.co\/?post_type=product&#038;p=24184"},"modified":"2025-08-08T22:12:09","modified_gmt":"2025-08-08T20:12:09","slug":"cabergolina-025mg-driada-medical","status":"publish","type":"product","link":"https:\/\/thorteam.co\/es\/loja\/terapia-post-ciclo-protectores\/cabergolina-dostinex\/cabergolina-025mg-driada-medical\/","title":{"rendered":"Cabergolina 0,25 mg Driada Medical"},"content":{"rendered":"<p>La <strong>Cabergolina<\/strong> es un medicamento altamente efectivo para tratar trastornos hormonales relacionados con la prolactina, una hormona clave en el funcionamiento del sistema reproductivo. Este tratamiento es ideal para quienes necesitan reducir los niveles elevados de prolactina, mejorando la salud hormonal y contribuyendo a la estabilidad emocional y f\u00edsica.<\/p>\n<p><strong>Beneficios:<\/strong><\/p>\n<ul>\n<li><strong>Reducci\u00f3n de prolactina<\/strong>: Act\u00faa directamente sobre la reducci\u00f3n de los niveles de prolactina, una hormona que, en niveles elevados, puede generar problemas como infertilidad, alteraciones menstruales, y disfunci\u00f3n sexual.<\/li>\n<li><strong>Mejora de la fertilidad<\/strong>: Ayuda a restaurar la fertilidad tanto en mujeres como en hombres al normalizar los niveles hormonales.<\/li>\n<li><strong>Bienestar general<\/strong>: Al equilibrar la prolactina, mejora el estado de \u00e1nimo, la energ\u00eda y la libido, contribuyendo a un mejor equilibrio emocional.<\/li>\n<li><strong>Tratamiento de hiperprolactinemia<\/strong>: Es eficaz para tratar la hiperprolactinemia, un trastorno caracterizado por niveles excesivos de prolactina, y sus s\u00edntomas asociados.<\/li>\n<li><strong>Perfil de seguridad<\/strong>: La cabergolina se distingue por su eficacia y la menor incidencia de efectos secundarios en comparaci\u00f3n con otros tratamientos similares.<\/li>\n<\/ul>\n<p><strong>Caracter\u00edsticas:<\/strong><\/p>\n<ul>\n<li><strong>Dosis ajustable<\/strong>: Permite una dosificaci\u00f3n precisa que se adapta a las necesidades de cada paciente, asegurando la efectividad del tratamiento.<\/li>\n<li><strong>F\u00e1cil de tomar<\/strong>: Presentaci\u00f3n en tabletas de f\u00e1cil ingesti\u00f3n, conveniente para quienes buscan un tratamiento pr\u00e1ctico y eficiente.<\/li>\n<\/ul>\n<p><strong>Modo de uso<\/strong>: La dosis y frecuencia de toma deben ser determinadas por un profesional de la salud, quien ajustar\u00e1 el tratamiento seg\u00fan las necesidades individuales. Generalmente, se administra una o dos veces por semana.<\/p>\n<p><strong>Indicado para<\/strong>: Personas que sufren de hiperprolactinemia, trastornos hormonales, dificultades de fertilidad y quienes desean equilibrar sus niveles hormonales para mejorar su salud en general.<\/p>\n<p><strong>Importante<\/strong>: Es fundamental que este medicamento sea utilizado bajo la supervisi\u00f3n de un m\u00e9dico, quien determinar\u00e1 la dosis y la frecuencia adecuadas para cada caso.<\/p>\n<p>Con <strong>Cabergolina<\/strong>, puedes lograr un equilibrio hormonal \u00f3ptimo y mejorar tu calidad de vida. \u00a1Recupera tu bienestar de manera segura y efectiva!<\/p>","protected":false},"excerpt":{"rendered":"<p><strong>Fabricante<\/strong>: Driada Medical<br \/>\n<strong>Embalaje<\/strong>: 20 tabletas\/paquete (0,125 mg\/tableta)<br \/>\n<strong>Clase de medicamentos<\/strong>: Agonistas dopamin\u00e9rgicos<\/p>","protected":false},"featured_media":26080,"template":"","meta":[],"product_brand":[],"product_cat":[665,710,668,657,659],"product_tag":[],"class_list":{"0":"post-24184","1":"product","2":"type-product","3":"status-publish","4":"has-post-thumbnail","6":"product_cat-cabergolina-dostinex","7":"product_cat-driada-medical","8":"product_cat-orales","9":"product_cat-terapia-post-ciclo-protectores","10":"product_cat-todas-las-marcas","12":"first","13":"instock","14":"shipping-taxable","15":"purchasable","16":"product-type-simple"},"jetpack_sharing_enabled":true,"_links":{"self":[{"href":"https:\/\/thorteam.co\/es\/wp-json\/wp\/v2\/product\/24184","targetHints":{"allow":["GET"]}}],"collection":[{"href":"https:\/\/thorteam.co\/es\/wp-json\/wp\/v2\/product"}],"about":[{"href":"https:\/\/thorteam.co\/es\/wp-json\/wp\/v2\/types\/product"}],"version-history":[{"count":0,"href":"https:\/\/thorteam.co\/es\/wp-json\/wp\/v2\/product\/24184\/revisions"}],"wp:featuredmedia":[{"embeddable":true,"href":"https:\/\/thorteam.co\/es\/wp-json\/wp\/v2\/media\/26080"}],"wp:attachment":[{"href":"https:\/\/thorteam.co\/es\/wp-json\/wp\/v2\/media?parent=24184"}],"wp:term":[{"taxonomy":"product_brand","embeddable":true,"href":"https:\/\/thorteam.co\/es\/wp-json\/wp\/v2\/product_brand?post=24184"},{"taxonomy":"product_cat","embeddable":true,"href":"https:\/\/thorteam.co\/es\/wp-json\/wp\/v2\/product_cat?post=24184"},{"taxonomy":"product_tag","embeddable":true,"href":"https:\/\/thorteam.co\/es\/wp-json\/wp\/v2\/product_tag?post=24184"}],"curies":[{"name":"wp","href":"https:\/\/api.w.org\/{rel}","templated":true}]}}