{"id":24430,"date":"2024-12-01T01:55:56","date_gmt":"2024-12-01T00:55:56","guid":{"rendered":"https:\/\/thorteam.co\/?post_type=product&#038;p=24430"},"modified":"2026-02-01T19:37:22","modified_gmt":"2026-02-01T18:37:22","slug":"hexarelin-10mg-bio-peptide","status":"publish","type":"product","link":"https:\/\/thorteam.co\/es\/loja\/todas-las-marcas\/bio-peptide\/hexarelin-10mg-bio-peptide\/","title":{"rendered":"Hexarelin 10mg Bio-Peptide"},"content":{"rendered":"<p><strong>\u00bfQu\u00e9 es Hexarelina?<\/strong><br \/>\nLa hexarelina es un amino\u00e1cido que puede prevenir arrugas o el envejecimiento. A\u00fan no se comprende completamente por los cient\u00edficos, ya que el uso de Hexarelina fue investigado en el pasado. La hexarelina promueve la producci\u00f3n de hormonas de crecimiento naturales en el cuerpo y no detiene la capacidad del cuerpo para producir hormonas de crecimiento por s\u00ed mismo.<\/p>\n<p><strong>\u00bfCu\u00e1l es la dosis que debo usar para Hexarelina?<\/strong><br \/>\nLa hexarelina debe administrarse una vez por semana, con una dosis de 200 mcg, con un per\u00edodo de descanso de algunas semanas en medio, debido a su fuerte sensibilizaci\u00f3n que puede sentirse despu\u00e9s de la inyecci\u00f3n. La mejor manera de usar la Hexarelina es mezclarla en dosis bajas con otros GHRPs.<\/p>\n<p><strong>\u00bfCu\u00e1les son los efectos secundarios de la Hexarelina?<\/strong><br \/>\nLos estudios han mostrado un aumento en la densidad mineral \u00f3sea, mitosis y meiosis, p\u00e9rdida de grasa, fortalecimiento del tejido conectivo y mejor elasticidad de la piel en muchas pruebas. Sin embargo, algunos de los problemas asociados con la hexarelina incluyen aumento de cortisol y prolactina, disminuci\u00f3n de la libido y posible ginecomastia (desarrollo de senos masculinos).<\/p>\n<p><strong>\u00bfC\u00f3mo debo almacenar la Hexarelina?<\/strong><br \/>\nLa hexarelina viene en forma de polvo y debe almacenarse en un lugar fresco y seco. Use una soluci\u00f3n preventiva bacteriana al inyectar Hexarelina en el cuerpo. El mejor m\u00e9todo preferido para administrar Hexarelina es con una jeringa de insulina.<\/p>","protected":false},"excerpt":{"rendered":"<p><strong>Mol\u00e9cula:<\/strong> Hexarelin<br \/>\n<strong>Pureza:<\/strong> 99,05%<br \/>\n<strong>Formulario:<\/strong> inyecci\u00f3n subcut\u00e1nea<br \/>\n<strong>Concentraci\u00f3n:<\/strong> 10 mg \/ frasco<br \/>\n<strong>Presentaci\u00f3n:<\/strong> Caja con 1 frasco<\/p>","protected":false},"featured_media":24900,"template":"","meta":[],"product_brand":[],"product_cat":[687,676,688,659],"product_tag":[],"class_list":{"0":"post-24430","1":"product","2":"type-product","3":"status-publish","4":"has-post-thumbnail","6":"product_cat-bio-peptide","7":"product_cat-injetaveis","8":"product_cat-peptideos","9":"product_cat-todas-las-marcas","11":"first","12":"instock","13":"shipping-taxable","14":"purchasable","15":"product-type-simple"},"jetpack_sharing_enabled":true,"_links":{"self":[{"href":"https:\/\/thorteam.co\/es\/wp-json\/wp\/v2\/product\/24430","targetHints":{"allow":["GET"]}}],"collection":[{"href":"https:\/\/thorteam.co\/es\/wp-json\/wp\/v2\/product"}],"about":[{"href":"https:\/\/thorteam.co\/es\/wp-json\/wp\/v2\/types\/product"}],"version-history":[{"count":0,"href":"https:\/\/thorteam.co\/es\/wp-json\/wp\/v2\/product\/24430\/revisions"}],"wp:featuredmedia":[{"embeddable":true,"href":"https:\/\/thorteam.co\/es\/wp-json\/wp\/v2\/media\/24900"}],"wp:attachment":[{"href":"https:\/\/thorteam.co\/es\/wp-json\/wp\/v2\/media?parent=24430"}],"wp:term":[{"taxonomy":"product_brand","embeddable":true,"href":"https:\/\/thorteam.co\/es\/wp-json\/wp\/v2\/product_brand?post=24430"},{"taxonomy":"product_cat","embeddable":true,"href":"https:\/\/thorteam.co\/es\/wp-json\/wp\/v2\/product_cat?post=24430"},{"taxonomy":"product_tag","embeddable":true,"href":"https:\/\/thorteam.co\/es\/wp-json\/wp\/v2\/product_tag?post=24430"}],"curies":[{"name":"wp","href":"https:\/\/api.w.org\/{rel}","templated":true}]}}