{"id":24599,"date":"2024-12-01T01:56:10","date_gmt":"2024-12-01T00:56:10","guid":{"rendered":"https:\/\/thorteam.co\/?post_type=product&#038;p=24599"},"modified":"2025-04-18T14:16:01","modified_gmt":"2025-04-18T12:16:01","slug":"anastrozol-1mg-signum-pharmaceuticals","status":"publish","type":"product","link":"https:\/\/thorteam.co\/es\/loja\/terapia-post-ciclo-protectores\/anastrozol-arimidex\/anastrozol-1mg-signum-pharmaceuticals\/","title":{"rendered":"Anastrozol 1mg Signum Pharmaceuticals"},"content":{"rendered":"<p><strong>Anastrozol<\/strong>, desarrollado por Zenaca Pharmaceuticals y lanzado en 1995 bajo el nombre comercial <strong>Arimidex<\/strong>, es uno de los inhibidores de la aromatasa (IA) m\u00e1s utilizados en el tratamiento del c\u00e1ncer de mama y tambi\u00e9n ampliamente empleado por atletas y usuarios de esteroides anab\u00f3licos debido a su capacidad para bloquear los efectos del estr\u00f3geno en el cuerpo.<\/p>\n<h3><strong>Perfil de Anastrozol<\/strong><\/h3>\n<ul>\n<li><strong>Actividad Anab\u00f3lica:<\/strong> N\/A<\/li>\n<li><strong>Actividad Androg\u00e9nica:<\/strong> N\/A<\/li>\n<li><strong>Retenci\u00f3n de Agua:<\/strong> N\/A<\/li>\n<li><strong>Hipertensi\u00f3n:<\/strong> N\/A<\/li>\n<li><strong>Aromatizaci\u00f3n:<\/strong> Antagonista del estr\u00f3geno (no impide la aromatizaci\u00f3n)<\/li>\n<li><strong>Toxicidad Hep\u00e1tica:<\/strong> Baja<\/li>\n<li><strong>Vida Media:<\/strong> 40-50 horas<\/li>\n<\/ul>\n<h3><strong>Efectos<\/strong><\/h3>\n<p>El Anastrozol protege contra los efectos secundarios relacionados con el estr\u00f3geno durante los ciclos de esteroides anab\u00f3licos, como la ginecomastia y la retenci\u00f3n de agua, que tambi\u00e9n pueden causar hipertensi\u00f3n. Adem\u00e1s, puede ser utilizado en tratamientos de testosterona baja, aunque no es suficiente por s\u00ed solo. Es posible combinarlo con terapia de testosterona ex\u00f3gena para prevenir los efectos secundarios estrog\u00e9nicos.<\/p>\n<h3><strong>Rango de Dosis y Duraci\u00f3n del Uso<\/strong><\/h3>\n<ul>\n<li><strong>Duraci\u00f3n de la Terapia:<\/strong> No superior a 2 semanas<\/li>\n<li><strong>Dosis Baja:<\/strong> 0,50 mg\/d\u00eda o cada dos d\u00edas \/ 3 d\u00edas<\/li>\n<li><strong>Dosis Media:<\/strong> 0,25 \u2013 1 mg\/d\u00eda<\/li>\n<li><strong>Dosis Alta:<\/strong> Raramente es necesario 1-3 mg\/d\u00eda<\/li>\n<li><strong>Mujeres:<\/strong> 0,25 \u2013 0,75 mg\/d\u00eda<\/li>\n<\/ul>\n<h3><strong>Efectos Secundarios<\/strong><\/h3>\n<p>Los efectos secundarios m\u00e1s comunes incluyen debilidad y fatiga. Otros posibles efectos secundarios:<\/p>\n<ul>\n<li>Dolor de cabeza<\/li>\n<li>Sofocos<\/li>\n<li>Hipertensi\u00f3n<\/li>\n<li>Dolor en las articulaciones<\/li>\n<li>Depresi\u00f3n (raro)<\/li>\n<li>N\u00e1useas y\/o v\u00f3mitos (raro)<\/li>\n<\/ul>\n<h3><strong>Almacenaje<\/strong><\/h3>\n<p>Almacenar en un lugar seco, protegido de la luz, a una temperatura de 15-25\u00b0C. Mantener fuera del alcance de los ni\u00f1os.<\/p>","protected":false},"excerpt":{"rendered":"<p><strong>Fabricante:<\/strong> Signum Pharmaceuticals<br \/>\n<strong>Embalaje:<\/strong> 50 tabletas (1 mg\/tab)<br \/>\n<strong>Clase de Medicamentos:<\/strong> Antineopl\u00e1sicos, Inhibidores de la Aromatasa<br \/>\n<strong>Estructura Qu\u00edmica:<\/strong> 2,2\u2032-[5-(1H-1,2,4-triazol-1-ilmetil)-1,3-fenileno]bis(2-metilpropanonitrila)<\/p>\n","protected":false},"featured_media":25203,"template":"","meta":[],"product_brand":[],"product_cat":[658,740,657,659],"product_tag":[],"class_list":{"0":"post-24599","1":"product","2":"type-product","3":"status-publish","4":"has-post-thumbnail","6":"product_cat-anastrozol-arimidex","7":"product_cat-signum-pharmaceuticals","8":"product_cat-terapia-post-ciclo-protectores","9":"product_cat-todas-las-marcas","11":"first","12":"instock","13":"shipping-taxable","14":"purchasable","15":"product-type-simple"},"jetpack_sharing_enabled":true,"_links":{"self":[{"href":"https:\/\/thorteam.co\/es\/wp-json\/wp\/v2\/product\/24599","targetHints":{"allow":["GET"]}}],"collection":[{"href":"https:\/\/thorteam.co\/es\/wp-json\/wp\/v2\/product"}],"about":[{"href":"https:\/\/thorteam.co\/es\/wp-json\/wp\/v2\/types\/product"}],"version-history":[{"count":0,"href":"https:\/\/thorteam.co\/es\/wp-json\/wp\/v2\/product\/24599\/revisions"}],"wp:featuredmedia":[{"embeddable":true,"href":"https:\/\/thorteam.co\/es\/wp-json\/wp\/v2\/media\/25203"}],"wp:attachment":[{"href":"https:\/\/thorteam.co\/es\/wp-json\/wp\/v2\/media?parent=24599"}],"wp:term":[{"taxonomy":"product_brand","embeddable":true,"href":"https:\/\/thorteam.co\/es\/wp-json\/wp\/v2\/product_brand?post=24599"},{"taxonomy":"product_cat","embeddable":true,"href":"https:\/\/thorteam.co\/es\/wp-json\/wp\/v2\/product_cat?post=24599"},{"taxonomy":"product_tag","embeddable":true,"href":"https:\/\/thorteam.co\/es\/wp-json\/wp\/v2\/product_tag?post=24599"}],"curies":[{"name":"wp","href":"https:\/\/api.w.org\/{rel}","templated":true}]}}