{"id":24601,"date":"2024-12-01T01:56:10","date_gmt":"2024-12-01T00:56:10","guid":{"rendered":"https:\/\/thorteam.co\/?post_type=product&#038;p=24601"},"modified":"2025-04-16T22:13:48","modified_gmt":"2025-04-16T20:13:48","slug":"hmg-ferticore-150ui","status":"publish","type":"product","link":"https:\/\/thorteam.co\/es\/loja\/terapia-post-ciclo-protectores\/hcg-pregnyl-hmg\/hmg-ferticore-150ui\/","title":{"rendered":"HMG Ferticore 150UI"},"content":{"rendered":"<p><strong>La gonadotropina de la menopausia humana (HMG)<\/strong> es un medicamento hormonalmente activo utilizado para tratar trastornos de fertilidad en hombres y mujeres. Es una mezcla de gonadotropinas: hormona fol\u00edculo estimulante (FSH) y hormona luteinizante (LH).<\/p>\n<hr \/>\n<h3><strong>Mecanismo de Acci\u00f3n<\/strong><\/h3>\n<p>Una vez que el HMG se inyecta, es absorbido por el tejido muscular y liberado en el cuerpo. Dado que el HMG puede usarse regularmente para aumentar la producci\u00f3n de testosterona, se ha vuelto muy popular entre las cl\u00ednicas de antienvejecimiento y las empresas de biotecnolog\u00eda.<\/p>\n<p>El HMG se diferencia de la HCG: mientras que la HCG es una mol\u00e9cula que se une principalmente a los receptores de LH (c\u00e9lulas de Leydig) y muy poco a los receptores de FSH (c\u00e9lulas de Sertoli), el HMG se une de manera m\u00e1s natural a los receptores de LH y FSH.<\/p>\n<p>La HCG aumenta la testosterona intratesticular, mientras que el HMG tambi\u00e9n promueve la diferenciaci\u00f3n y maduraci\u00f3n de los espermatozoides.<\/p>\n<p>El HMG contiene FSH, lo que tiene un efecto significativo en la producci\u00f3n de espermatozoides, el tama\u00f1o testicular, la libido y el estado de \u00e1nimo. Adem\u00e1s, la falta de se\u00f1alizaci\u00f3n de FSH est\u00e1 involucrada en el desarrollo de trastornos afectivos.<\/p>\n<p>El HMG se excreta principalmente a trav\u00e9s de los ri\u00f1ones. La farmacocin\u00e9tica del HMG en pacientes con insuficiencia renal o hep\u00e1tica no ha sido investigada.<\/p>\n<hr \/>\n<h3><strong>Prop\u00f3sito de Uso<\/strong><\/h3>\n<p>Fue desarrollado para tratar la infertilidad femenina, pero tambi\u00e9n se usa en hombres durante la terapia de reemplazo hormonal. De hecho, el HMG ha sido ampliamente utilizado en el mundo del culturismo para mejorar significativamente el tratamiento post-ciclo. Durante el ciclo, la HCG se usa como fuente de la actividad biol\u00f3gica de la hormona luteinizante (LH) para estimular la secreci\u00f3n de testosterona por las c\u00e9lulas de Leydig, apoyando su actividad y previniendo la atrofia, mientras que el HMG se usa como fuente de FSH para estimular las c\u00e9lulas de Sertoli y preservarlas.<\/p>\n<p>Durante el ciclo de esteroides anab\u00f3licos, es extremadamente importante preservar la actividad testicular, evitar la atrofia completa y mantener la cascada de esteroidog\u00e9nesis, que produce docenas de hormonas y compuestos laterales que desempe\u00f1an un papel clave en el bienestar f\u00edsico y mental. Por lo tanto, el HMG proporciona una estimulaci\u00f3n completa de la actividad testicular durante el ciclo o el PCT. Los estudios han demostrado que el HMG, combinado con la HCG, restaura la fertilidad incluso despu\u00e9s de ciclos largos de esteroides y durante la TRT. Un meta-an\u00e1lisis reciente mostr\u00f3 que la recuperaci\u00f3n post-ciclo es m\u00e1s exitosa cuando la HCG se combina con el HMG.<\/p>\n<hr \/>\n<h3><strong>C\u00f3mo Usar<\/strong><\/h3>\n<p>El tratamiento con HMG debe iniciarse bajo la supervisi\u00f3n de un m\u00e9dico experimentado en el tratamiento de problemas de fertilidad. Existen grandes variaciones interindividuales en la respuesta de los ovarios a las gonadotropinas ex\u00f3genas. Esto hace que sea imposible definir un esquema de dosificaci\u00f3n uniforme. Por lo tanto, la dosificaci\u00f3n debe ajustarse individualmente, dependiendo de la respuesta ovariana. El HMG puede administrarse solo o en combinaci\u00f3n con un agonista o antagonista de GnRH. Las recomendaciones de dosificaci\u00f3n y duraci\u00f3n del tratamiento pueden variar dependiendo de los protocolos de tratamiento reales:<\/p>\n<p>Para preservar la fertilidad y la actividad testicular, el HMG debe utilizarse en ciclos de m\u00e1s de 10 semanas de duraci\u00f3n. Idealmente, debe utilizarse desde la primera semana para evitar cualquier atrofia testicular. Por lo general, la prevenci\u00f3n de la atrofia testicular comienza dentro de las 3-4 semanas posteriores al ciclo de esteroides. Sin embargo, en cualquier caso, los ciclos que duran m\u00e1s de 10 semanas con p\u00e9rdida completa de la funcionalidad testicular requieren que el tratamiento HCG\/HMG se inicie lo antes posible. En este caso, el protocolo es: HMG 75-150 UI 2-3 veces a la semana y\/o HCG 250-500 UI 2-3 veces a la semana.<\/p>\n<p>Para personas con hipogonadismo hipogonadotr\u00f3pico, se recomienda tomar hasta 5-10 UI al d\u00eda durante varios meses.<\/p>\n<p>Los atletas que buscan una manera de mejorar su rendimiento pueden tomar hasta 10 UI al d\u00eda. En los d\u00edas de entrenamiento, se pueden tomar dosis adicionales de 5 UI 30 minutos antes de comenzar el entrenamiento.<\/p>\n<p>En casos de azoospermia grave inducida por esteroides anab\u00f3licos, el protocolo de gonadotropina cori\u00f3nica humana y gonadotropina menop\u00e1usica humana consiste en inyecciones dos veces por semana de 10.000 UI de HCG e inyecciones diarias de 75 UI de HMG durante 3 meses. Es importante no usar dosis excesivas, ya que esto puede llevar a la sobreestimulaci\u00f3n de las c\u00e9lulas de Leydig.<\/p>\n<hr \/>\n<h3><strong>C\u00f3mo Preparar la Soluci\u00f3n<\/strong><\/h3>\n<p>Para preparar una soluci\u00f3n inyectable, tome una jeringa que ya contiene un diluyente e inyecte el l\u00edquido en un frasco que contiene el polvo liofilizado. Incline el frasco para que la aguja toque la pared del frasco, evitando inyectar directamente el diluyente en el polvo liofilizado. El solvente debe fluir lentamente por la pared del frasco (no llene todo de una vez y h\u00e1galo con calma). Una vez que todo el diluyente se haya a\u00f1adido al frasco, mezcle suavemente (pero no agite ni sacuda el frasco) hasta que el polvo se disuelva y se convierta en un l\u00edquido claro. Ahora el medicamento est\u00e1 listo para su uso.<\/p>\n<p>Nunca mezcle un p\u00e9ptido con otro en la misma jeringa, ya que esto puede destruir mol\u00e9culas pept\u00eddicas fr\u00e1giles.<\/p>\n<hr \/>\n<h3><strong>V\u00eda de Administraci\u00f3n<\/strong><\/h3>\n<p>Las inyecciones pueden ser subcut\u00e1neas o intramusculares, seg\u00fan la preferencia personal.<br \/>\nDesinfecte la tapa de goma del medicamento y el sitio de la inyecci\u00f3n con alcohol.<br \/>\nExtraiga el medicamento en una jeringa e inyecte lentamente.<\/p>\n<hr \/>\n<h3><strong>Efectos<\/strong><\/h3>\n<ul>\n<li>Aumento de los niveles de testosterona end\u00f3gena<\/li>\n<li>Aumento de la producci\u00f3n de espermatozoides<\/li>\n<li>Aumento de la libido y el estado de \u00e1nimo<\/li>\n<li>Restauraci\u00f3n de la fertilidad<\/li>\n<li>Preservaci\u00f3n de la actividad testicular durante el ciclo<\/li>\n<li>Posibilidad de restaurar la producci\u00f3n propia de testosterona y fertilidad despu\u00e9s del abuso de esteroides<\/li>\n<\/ul>\n<hr \/>\n<h3><strong>Efectos Secundarios<\/strong><\/h3>\n<ul>\n<li>Dolor abdominal<\/li>\n<li>Dificultad para respirar<\/li>\n<li>Hinchaz\u00f3n en los senos<\/li>\n<li>Pechos sensibles<\/li>\n<li>N\u00e1useas<\/li>\n<li>Aumento de peso<\/li>\n<li>Hinchaz\u00f3n de manos y pies<\/li>\n<li>Erupci\u00f3n cut\u00e1nea leve<\/li>\n<li>Dolor testicular<\/li>\n<\/ul>\n<hr \/>\n<h3><strong>Perfil del Medicamento<\/strong><\/h3>\n<ul>\n<li><strong>Vida media<\/strong>: LH (vida media 13,8\u20131020 min) y FSH (vida media 21,3\u20131090 min)<\/li>\n<li><strong>Frecuencia de administraci\u00f3n<\/strong>: 1 vez cada 3 d\u00edas<\/li>\n<\/ul>\n<hr \/>\n<h3><strong>Contraindicaciones<\/strong><\/h3>\n<ul>\n<li>Hipersensibilidad a la menotropina o a cualquiera de los excipientes de Menopur<\/li>\n<li>Mujeres con: Tumores en la gl\u00e1ndula pituitaria o hipot\u00e1lamo; carcinoma de ovario, \u00fatero o mama; hemorragia ginecol\u00f3gica de etiolog\u00eda desconocida; quistes ov\u00e1ricos o ovarios aumentados no relacionados con la enfermedad ovariana poliqu\u00edstica.<\/li>\n<li>En las siguientes situaciones, es poco probable que el tratamiento tenga \u00e9xito, por lo que no debe administrarse HMG: Insuficiencia ov\u00e1rica primaria; malformaci\u00f3n de los \u00f3rganos sexuales incompatibles con el embarazo; tumores miomatosos uterinos incompatibles con el embarazo.<\/li>\n<\/ul>\n<hr \/>\n<h3><strong>Uso en el Embarazo<\/strong><\/h3>\n<p>El HMG est\u00e1 contraindicado en mujeres embarazadas. No hay datos o son limitados sobre el uso de menotropinas en mujeres embarazadas. No se han realizado estudios en animales para evaluar los efectos de Menopur durante el embarazo.<\/p>\n<hr \/>\n<h3><strong>Uso durante la Lactancia<\/strong><\/h3>\n<p>El HMG est\u00e1 contraindicado en mujeres que est\u00e1n amamantando.<\/p>\n<hr \/>\n<h3><strong>Almacenamiento<\/strong><\/h3>\n<ul>\n<li>Almacenar protegido de la luz<\/li>\n<li>Conservar en refrigeraci\u00f3n (2-8\u00b0C)<\/li>\n<li>No congelar<\/li>\n<li>Despu\u00e9s de la reconstituci\u00f3n, la soluci\u00f3n puede almacenarse durante un m\u00e1ximo de 28 d\u00edas a no m\u00e1s de 25\u00b0C<\/li>\n<li>Una vez disuelta en el solvente incluido, la soluci\u00f3n debe administrarse de inmediato<\/li>\n<li>Mantener fuera del alcance de los ni\u00f1os<\/li>\n<li>No usar despu\u00e9s de la fecha de caducidad<\/li>\n<\/ul>","protected":false},"excerpt":{"rendered":"<p>La gonadotropina de la menopausia humana (HMG) es un medicamento hormonalmente activo utilizado para tratar trastornos de fertilidad en hombres<\/p>","protected":false},"featured_media":25290,"template":"","meta":[],"product_brand":[],"product_cat":[664,676,657,659],"product_tag":[],"class_list":{"0":"post-24601","1":"product","2":"type-product","3":"status-publish","4":"has-post-thumbnail","6":"product_cat-hcg-pregnyl-hmg","7":"product_cat-injetaveis","8":"product_cat-terapia-post-ciclo-protectores","9":"product_cat-todas-las-marcas","11":"first","12":"instock","13":"shipping-taxable","14":"purchasable","15":"product-type-simple"},"jetpack_sharing_enabled":true,"_links":{"self":[{"href":"https:\/\/thorteam.co\/es\/wp-json\/wp\/v2\/product\/24601","targetHints":{"allow":["GET"]}}],"collection":[{"href":"https:\/\/thorteam.co\/es\/wp-json\/wp\/v2\/product"}],"about":[{"href":"https:\/\/thorteam.co\/es\/wp-json\/wp\/v2\/types\/product"}],"version-history":[{"count":0,"href":"https:\/\/thorteam.co\/es\/wp-json\/wp\/v2\/product\/24601\/revisions"}],"wp:featuredmedia":[{"embeddable":true,"href":"https:\/\/thorteam.co\/es\/wp-json\/wp\/v2\/media\/25290"}],"wp:attachment":[{"href":"https:\/\/thorteam.co\/es\/wp-json\/wp\/v2\/media?parent=24601"}],"wp:term":[{"taxonomy":"product_brand","embeddable":true,"href":"https:\/\/thorteam.co\/es\/wp-json\/wp\/v2\/product_brand?post=24601"},{"taxonomy":"product_cat","embeddable":true,"href":"https:\/\/thorteam.co\/es\/wp-json\/wp\/v2\/product_cat?post=24601"},{"taxonomy":"product_tag","embeddable":true,"href":"https:\/\/thorteam.co\/es\/wp-json\/wp\/v2\/product_tag?post=24601"}],"curies":[{"name":"wp","href":"https:\/\/api.w.org\/{rel}","templated":true}]}}