{"id":24655,"date":"2024-12-01T01:56:15","date_gmt":"2024-12-01T00:56:15","guid":{"rendered":"https:\/\/thorteam.co\/?post_type=product&#038;p=24655"},"modified":"2026-02-01T20:09:22","modified_gmt":"2026-02-01T19:09:22","slug":"citrato-de-tamoxifeno-20mg-signum-pharmaceuticals","status":"publish","type":"product","link":"https:\/\/thorteam.co\/es\/loja\/todas-las-marcas\/signum-pharmaceuticals\/citrato-de-tamoxifeno-20mg-signum-pharmaceuticals\/","title":{"rendered":"Citrato de Tamoxifeno 20mg Signum Pharmaceuticals"},"content":{"rendered":"<h3><strong>Puntos Positivos:<\/strong><\/h3>\n<ul>\n<li><strong>No es t\u00f3xico<\/strong><\/li>\n<li><strong>Previene la ginecomastia<\/strong><\/li>\n<li><strong>Disminuye la retenci\u00f3n de agua<\/strong><\/li>\n<li><strong>Permite la recuperaci\u00f3n de la producci\u00f3n de testosterona en los test\u00edculos<\/strong><\/li>\n<\/ul>\n<hr \/>\n<h3><strong>Puntos Negativos:<\/strong><\/h3>\n<ul>\n<li><strong>Reduce las ganancias obtenidas con el ciclo<\/strong><\/li>\n<\/ul>\n<hr \/>\n<h3><strong>Mejores Consejos:<\/strong><\/h3>\n<ul>\n<li>Se recomienda tomar Nolvadex en cada ciclo, combinado con Proviron, para obtener mejores resultados.<\/li>\n<\/ul>\n<hr \/>\n<h3><strong>Informaci\u00f3n Adicional sobre Nolvadex:<\/strong><\/h3>\n<ul>\n<li><strong>Nombre Farmac\u00e9utico:<\/strong> Citrato de Tamoxifeno<\/li>\n<li><strong>Clase de Drogas:<\/strong> Modulador Selectivo del Receptor de Estr\u00f3geno (SERM)<\/li>\n<li><strong>Vida Activa:<\/strong> 5-7 d\u00edas<\/li>\n<\/ul>","protected":false},"excerpt":{"rendered":"<p><strong>Molde:<\/strong> Oral<br \/>\n<strong>Ingredientes:<\/strong> tamoxifeno<br \/>\n<strong>Concentraci\u00f3n:<\/strong> 20 mg\/comprimido<br \/>\n<strong>Presentaci\u00f3n:<\/strong> Caja de 100 comprimidos<br \/>\n<strong>Dosis:<\/strong> 1 comprimido al d\u00eda durante toda la duraci\u00f3n del ciclo<br \/>\n<strong>Tipo:<\/strong> Protecci\u00f3n contra ginecomastia<br \/>\n<strong>Nivel:<\/strong> Para todos los usuarios<\/p>","protected":false},"featured_media":25322,"template":"","meta":[],"product_brand":[],"product_cat":[740,667,657,659],"product_tag":[],"class_list":{"0":"post-24655","1":"product","2":"type-product","3":"status-publish","4":"has-post-thumbnail","6":"product_cat-signum-pharmaceuticals","7":"product_cat-tamoxifeno-nolvadex","8":"product_cat-terapia-post-ciclo-protectores","9":"product_cat-todas-las-marcas","11":"first","12":"instock","13":"shipping-taxable","14":"purchasable","15":"product-type-simple"},"jetpack_sharing_enabled":true,"_links":{"self":[{"href":"https:\/\/thorteam.co\/es\/wp-json\/wp\/v2\/product\/24655","targetHints":{"allow":["GET"]}}],"collection":[{"href":"https:\/\/thorteam.co\/es\/wp-json\/wp\/v2\/product"}],"about":[{"href":"https:\/\/thorteam.co\/es\/wp-json\/wp\/v2\/types\/product"}],"version-history":[{"count":0,"href":"https:\/\/thorteam.co\/es\/wp-json\/wp\/v2\/product\/24655\/revisions"}],"wp:featuredmedia":[{"embeddable":true,"href":"https:\/\/thorteam.co\/es\/wp-json\/wp\/v2\/media\/25322"}],"wp:attachment":[{"href":"https:\/\/thorteam.co\/es\/wp-json\/wp\/v2\/media?parent=24655"}],"wp:term":[{"taxonomy":"product_brand","embeddable":true,"href":"https:\/\/thorteam.co\/es\/wp-json\/wp\/v2\/product_brand?post=24655"},{"taxonomy":"product_cat","embeddable":true,"href":"https:\/\/thorteam.co\/es\/wp-json\/wp\/v2\/product_cat?post=24655"},{"taxonomy":"product_tag","embeddable":true,"href":"https:\/\/thorteam.co\/es\/wp-json\/wp\/v2\/product_tag?post=24655"}],"curies":[{"name":"wp","href":"https:\/\/api.w.org\/{rel}","templated":true}]}}