{"id":27299,"date":"2025-03-07T20:09:17","date_gmt":"2025-03-07T19:09:17","guid":{"rendered":"https:\/\/thorteam.co\/?post_type=product&#038;p=27299"},"modified":"2026-02-01T20:17:07","modified_gmt":"2026-02-01T19:17:07","slug":"primobolan-100mg-ml-swedish-pharma","status":"publish","type":"product","link":"https:\/\/thorteam.co\/es\/loja\/injetaveis\/primobolan-metenolona\/primobolan-100mg-ml-swedish-pharma\/","title":{"rendered":"Primobolan 100mg\/ml Swedish Pharma"},"content":{"rendered":"<p>Este esteroide es un esteroide anab\u00f3lico derivado de Diidrotestosterona (DHT), compuesto por la hormona activa Metenolona y adjunto al gran \u00e9ster Enantato. Posee una naturaleza anab\u00f3lica moderada y una naturaleza androg\u00e9nica moderadamente baja.<\/p>\n<h2>Perfil de Enantato de Metenolona<\/h2>\n<ul>\n<li><strong>\u00cdndice Anab\u00f3lico:<\/strong> 88<\/li>\n<li><strong>\u00cdndice Androg\u00e9nico:<\/strong> 44-57<\/li>\n<li><strong>Conversi\u00f3n a Estr\u00f3geno:<\/strong> No<\/li>\n<li><strong>Actividad Progestacional:<\/strong> Muy baja<\/li>\n<li><strong>Toxicidad Hep\u00e1tica:<\/strong> Baja<\/li>\n<\/ul>\n<h2>Efectos<\/h2>\n<p>Es una buena base con un intenso efecto anab\u00f3lico, caracteriz\u00e1ndose por:<\/p>\n<ul>\n<li>Ausencia de retenci\u00f3n excesiva de l\u00edquidos y dep\u00f3sito de grasa durante el ciclo.<\/li>\n<li>Protecci\u00f3n del tejido muscular durante la p\u00e9rdida de grasa corporal.<\/li>\n<li>Quema de grasa de forma m\u00e1s eficiente.<\/li>\n<li>Preservaci\u00f3n de masa muscular bajo dietas estrictas.<\/li>\n<li>Aumento moderado de fuerza y resistencia.<\/li>\n<\/ul>\n<h2>Efectos Secundarios<\/h2>\n<p>En dosis de hasta 1 g durante la preparaci\u00f3n, no se observaron efectos secundarios. Su uso no impacta negativamente en el h\u00edgado ni en otros \u00f3rganos. Sus principales caracter\u00edsticas incluyen:<\/p>\n<ul>\n<li>No aromatiza en estr\u00f3geno, evitando efectos secundarios estrog\u00e9nicos como la ginecomastia.<\/li>\n<li>Bajo \u00edndice androg\u00e9nico, reduciendo el riesgo de calvicie.<\/li>\n<li>Posibles efectos incluyen acn\u00e9 y crecimiento de vello corporal, especialmente en personas predispuestas.<\/li>\n<li>No es hepatot\u00f3xico y se considera seguro en comparaci\u00f3n con otros esteroides anab\u00f3licos.<\/li>\n<\/ul>\n<h2>Terapia Post-Ciclo<\/h2>\n<p>La terapia post-ciclo debe comenzar de 15 a 20 d\u00edas despu\u00e9s de la \u00faltima inyecci\u00f3n, utilizando Nolvadex (citrato de tamoxifeno) y Clomid (citrato de clomifeno).<\/p>","protected":false},"excerpt":{"rendered":"<p><strong>Fabricante:<\/strong> Swedish Pharma<\/p>\n<p><strong>Embalaje:<\/strong> 1 vial de 10ml con 100 mg\/ml<\/p>\n<p><strong>Clase de f\u00e1rmacos:<\/strong> Esteroide anab\u00f3lico\/androg\u00e9nico<\/p>\n<p><strong>Estructura qu\u00edmica:<\/strong> 17 beta-hidroxi-1-metil-5 alfa-androst-1-en-ona<\/p>","protected":false},"featured_media":27206,"template":"","meta":[],"product_brand":[],"product_cat":[676,697,743,659],"product_tag":[],"class_list":{"0":"post-27299","1":"product","2":"type-product","3":"status-publish","4":"has-post-thumbnail","6":"product_cat-injetaveis","7":"product_cat-primobolan-metenolona","8":"product_cat-swedish-pharma","9":"product_cat-todas-las-marcas","11":"first","12":"instock","13":"shipping-taxable","14":"purchasable","15":"product-type-simple"},"jetpack_sharing_enabled":true,"_links":{"self":[{"href":"https:\/\/thorteam.co\/es\/wp-json\/wp\/v2\/product\/27299","targetHints":{"allow":["GET"]}}],"collection":[{"href":"https:\/\/thorteam.co\/es\/wp-json\/wp\/v2\/product"}],"about":[{"href":"https:\/\/thorteam.co\/es\/wp-json\/wp\/v2\/types\/product"}],"version-history":[{"count":0,"href":"https:\/\/thorteam.co\/es\/wp-json\/wp\/v2\/product\/27299\/revisions"}],"wp:featuredmedia":[{"embeddable":true,"href":"https:\/\/thorteam.co\/es\/wp-json\/wp\/v2\/media\/27206"}],"wp:attachment":[{"href":"https:\/\/thorteam.co\/es\/wp-json\/wp\/v2\/media?parent=27299"}],"wp:term":[{"taxonomy":"product_brand","embeddable":true,"href":"https:\/\/thorteam.co\/es\/wp-json\/wp\/v2\/product_brand?post=27299"},{"taxonomy":"product_cat","embeddable":true,"href":"https:\/\/thorteam.co\/es\/wp-json\/wp\/v2\/product_cat?post=27299"},{"taxonomy":"product_tag","embeddable":true,"href":"https:\/\/thorteam.co\/es\/wp-json\/wp\/v2\/product_tag?post=27299"}],"curies":[{"name":"wp","href":"https:\/\/api.w.org\/{rel}","templated":true}]}}