{"id":27305,"date":"2025-03-07T20:09:18","date_gmt":"2025-03-07T19:09:18","guid":{"rendered":"https:\/\/thorteam.co\/?post_type=product&#038;p=27305"},"modified":"2026-02-01T20:17:17","modified_gmt":"2026-02-01T19:17:17","slug":"enantato-de-trembolona-200mg-ml-swedish-pharma","status":"publish","type":"product","link":"https:\/\/thorteam.co\/es\/loja\/injetaveis\/enantato-trembolona\/enantato-de-trembolona-200mg-ml-swedish-pharma\/","title":{"rendered":"Enantato de Trembolona 200mg\/ml Swedish Pharma"},"content":{"rendered":"<p>El Enantato de Trembolona es un esteroide anab\u00f3lico extremadamente potente, frecuentemente utilizado en combinaci\u00f3n con el Parabolan (Trenbolona Hexahydrobenzylcarbonate). Todos los compuestos de trembolona contienen la misma hormona, con la \u00fanica diferencia siendo el \u00e9ster adjunto, que ayuda a controlar la liberaci\u00f3n de la hormona en el organismo.<\/p>\n<p>La hormona trembolona (acetato y hexahidrobenzilcarbonato) est\u00e1 clasificada como un esteroide anab\u00f3lico de grado veterinario. Aunque el acetato de trembolona es el m\u00e1s popular entre atletas de alto rendimiento, tambi\u00e9n es ampliamente utilizado en la ganader\u00eda. El Trenbolone Enanthate surgi\u00f3 por primera vez en 2004 bajo el sello British Dragon Trenabol, convirti\u00e9ndose en la forma m\u00e1s nueva entre las tres versiones comunes de trembolona y la \u00fanica que no se utiliz\u00f3 en medicamentos leg\u00edtimos.<\/p>\n<h2>Perfil de Trembolona<\/h2>\n<ul>\n<li>\u00cdndice Androg\u00e9nico: 500<\/li>\n<li>\u00cdndice Anab\u00f3lico: 500<\/li>\n<li>Nivel de Estr\u00f3geno: No<\/li>\n<li>Actividad Progestacional: Baja<\/li>\n<li>Toxicidad para el H\u00edgado: Baja<\/li>\n<\/ul>\n<h2>Efectos<\/h2>\n<ul>\n<li>Aumenta el apetito.<\/li>\n<li>Permite ganancias de hasta 10 kg de masa muscular en un ciclo de 8 semanas.<\/li>\n<li>Mejora la fuerza.<\/li>\n<li>Aumenta la libido y la potencia, pero puede tener el efecto opuesto en algunos casos.<\/li>\n<li>Aumenta el nivel de factor de crecimiento similar a la insulina en un 200%.<\/li>\n<li>Promueve la quema de grasa de forma independiente y estimula la secreci\u00f3n de la hormona del crecimiento.<\/li>\n<li>Disminuye el nivel de cortisol.<\/li>\n<li>Aumenta el conteo de gl\u00f3bulos rojos.<\/li>\n<\/ul>\n<h2>Rango de Dosis y Duraci\u00f3n de Uso<\/h2>\n<ul>\n<li>Duraci\u00f3n del ciclo com\u00fan: 8 a 12 semanas (ciclos m\u00e1s largos son posibles para profesionales).<\/li>\n<li>Principiantes: 200 mg\/semana (no recomendado).<\/li>\n<li>Pasatiempos: 300-600 mg\/semana.<\/li>\n<li>Rango profesional: 400-800 mg\/semana.<\/li>\n<li>Mujeres: 30-90 mg\/semana (no recomendado).<\/li>\n<li>Vida media: 5-6 d\u00edas.<\/li>\n<li>Tiempo de detecci\u00f3n: hasta 5 meses.<\/li>\n<\/ul>\n<h2>Efectos Secundarios<\/h2>\n<ul>\n<li>Piel grasosa.<\/li>\n<li>Comportamiento agresivo.<\/li>\n<li>Acn\u00e9.<\/li>\n<li>P\u00e9rdida de cabello.<\/li>\n<li>Hinchaz\u00f3n.<\/li>\n<li>Aumento del tejido mamario.<\/li>\n<li>Disfunci\u00f3n sexual.<\/li>\n<li>Progresi\u00f3n de la aterosclerosis.<\/li>\n<li>Edema perif\u00e9rico.<\/li>\n<li>Alteraciones en el hemograma.<\/li>\n<li>Dolor en los huesos.<\/li>\n<\/ul>\n<h2>Terapia Post-Ciclo<\/h2>\n<p>La terapia post-ciclo debe comenzar entre 12 a 17 d\u00edas despu\u00e9s de la \u00faltima inyecci\u00f3n. Se recomienda comenzar el citrato de tamoxifeno en la \u00faltima semana del ciclo y continuar por 3-4 semanas.<\/p>\n<p>El PCT est\u00e1ndar incluye HCG, Clomid (citrato de clomifeno) y\/o Nolva (citrato de tamoxifeno). Muchos usuarios podr\u00edan necesitar extender la duraci\u00f3n del PCT un poco m\u00e1s de lo est\u00e1ndar.<\/p>\n<h2>Ciclos de Esteroides<\/h2>\n<h3>Ciclo Normal de Corte<\/h3>\n<ul>\n<li>Semana 1-8: Enantato de trembolona \u2013 200 mg\/semanal<\/li>\n<li>Semana 1-8: Enantato de Testosterona \u2013 500 mg\/semanal<\/li>\n<li>Semana 1-8: Arimidex \u2013 1 mg\/d\u00eda<\/li>\n<li>Semana 1-8: Dostinex \u2013 0,25<\/li>\n<\/ul>","protected":false},"excerpt":{"rendered":"<p><strong>Fabricante:<\/strong> Swedish Pharma<\/p>\n<p><strong>Embalaje:<\/strong> 10 ml\/frasco (200 mg\/ml)<\/p>\n<p><strong>Clase de drogas:<\/strong> esteroides anab\u00f3licos\/androg\u00e9nicos<\/p>\n<p><strong>Estructura qu\u00edmica:<\/strong> 17\u03b2-hidroxiestra-4,9,11-trien-3-ona.<\/p>","protected":false},"featured_media":27350,"template":"","meta":[],"product_brand":[],"product_cat":[684,676,743,659,683],"product_tag":[],"class_list":{"0":"post-27305","1":"product","2":"type-product","3":"status-publish","4":"has-post-thumbnail","6":"product_cat-enantato-trembolona","7":"product_cat-injetaveis","8":"product_cat-swedish-pharma","9":"product_cat-todas-las-marcas","10":"product_cat-trembolonas","12":"first","13":"instock","14":"shipping-taxable","15":"purchasable","16":"product-type-simple"},"jetpack_sharing_enabled":true,"_links":{"self":[{"href":"https:\/\/thorteam.co\/es\/wp-json\/wp\/v2\/product\/27305","targetHints":{"allow":["GET"]}}],"collection":[{"href":"https:\/\/thorteam.co\/es\/wp-json\/wp\/v2\/product"}],"about":[{"href":"https:\/\/thorteam.co\/es\/wp-json\/wp\/v2\/types\/product"}],"version-history":[{"count":0,"href":"https:\/\/thorteam.co\/es\/wp-json\/wp\/v2\/product\/27305\/revisions"}],"wp:featuredmedia":[{"embeddable":true,"href":"https:\/\/thorteam.co\/es\/wp-json\/wp\/v2\/media\/27350"}],"wp:attachment":[{"href":"https:\/\/thorteam.co\/es\/wp-json\/wp\/v2\/media?parent=27305"}],"wp:term":[{"taxonomy":"product_brand","embeddable":true,"href":"https:\/\/thorteam.co\/es\/wp-json\/wp\/v2\/product_brand?post=27305"},{"taxonomy":"product_cat","embeddable":true,"href":"https:\/\/thorteam.co\/es\/wp-json\/wp\/v2\/product_cat?post=27305"},{"taxonomy":"product_tag","embeddable":true,"href":"https:\/\/thorteam.co\/es\/wp-json\/wp\/v2\/product_tag?post=27305"}],"curies":[{"name":"wp","href":"https:\/\/api.w.org\/{rel}","templated":true}]}}