{"id":27314,"date":"2025-03-07T20:09:18","date_gmt":"2025-03-07T19:09:18","guid":{"rendered":"https:\/\/thorteam.co\/?post_type=product&#038;p=27314"},"modified":"2026-02-01T20:17:32","modified_gmt":"2026-02-01T19:17:32","slug":"primobolan-oral-25mg-swedish-pharma","status":"publish","type":"product","link":"https:\/\/thorteam.co\/es\/loja\/orales\/primobolan-oral-metenolona-acetate\/primobolan-oral-25mg-swedish-pharma\/","title":{"rendered":"Primobolan Oral 25mg Swedish Pharma"},"content":{"rendered":"<p>El Acetato de Metenolona es un esteroide anab\u00f3lico oral conocido por ser uno de los m\u00e1s seguros disponibles en el mercado. Se utiliza particularmente para tratar condiciones de p\u00e9rdida de masa muscular, exposici\u00f3n prolongada a hormonas corticoides, osteoporosis, sarcopenia y desnutrici\u00f3n. Este compuesto es \u00fanico entre los esteroides anab\u00f3licos debido a su versi\u00f3n oral con el \u00e9ster de acetato corto, que lo distingue del Primobolan Depot (versi\u00f3n inyectable).<\/p>\n<h2>Perfil del Acetato de Metenolona<\/h2>\n<ul>\n<li>\u00cdndice Androg\u00e9nico: 44-57<\/li>\n<li>\u00cdndice Anab\u00f3lico: 88<\/li>\n<li>Nivel de Estr\u00f3geno: Ninguno<\/li>\n<li>Actividad Progestacional: Muy Baja<\/li>\n<li>Toxicidad Hep\u00e1tica: Baja<\/li>\n<li>Retenci\u00f3n de Agua: Ninguna<\/li>\n<\/ul>\n<h2>Efectos<\/h2>\n<ul>\n<li>Aumento de la masa muscular magra<\/li>\n<li>Quema de grasa<\/li>\n<li>Retenci\u00f3n del tama\u00f1o muscular durante el ciclo de corte<\/li>\n<\/ul>\n<h2>Rango de Dosis y Duraci\u00f3n de Uso<\/h2>\n<ul>\n<li>Duraci\u00f3n del Ciclo: Hasta 8 semanas<\/li>\n<li>Dosificaci\u00f3n para Hombres: 50-100 mg\/d\u00eda<\/li>\n<li>Dosificaci\u00f3n para Mujeres: 10-25 mg\/d\u00eda<\/li>\n<li>Vida Media: 5-20 horas (vida activa de 6-8 horas)<\/li>\n<li>Tiempo de Detecci\u00f3n: 100 d\u00edas<\/li>\n<\/ul>\n<h2>Efectos Secundarios<\/h2>\n<p>El Acetato de Metenolona puede reducir ligeramente la producci\u00f3n natural de testosterona, con efectos supresores m\u00e1s d\u00e9biles en comparaci\u00f3n con la testosterona y la nandrolona. Cursos largos y altas dosis pueden requerir el uso de gonadotropina para evitar la atrofia testicular.<\/p>\n<h2>Terapia Post-Ciclo (TPC)<\/h2>\n<p>La TPC debe comenzar 24 horas despu\u00e9s de la \u00faltima administraci\u00f3n del acetato de metenolona. Se recomienda el uso de gonadotropina junto con Novaldex para estimular la producci\u00f3n natural de testosterona.<\/p>\n<h2>Combinaciones Comunes de Ciclo<\/h2>\n<ul>\n<li>Nandrolona: Para ganancia de masa muscular, con buena retenci\u00f3n de masa.<\/li>\n<li>Testosteronas: Para ganancia de masa muscular.<\/li>\n<li>Anadrol: Para ganancia de masa muscular.<\/li>\n<li>Metandrostenolona: Para ganancia de masa muscular.<\/li>\n<li>Winstrol: Para ciclos de corte.<\/li>\n<\/ul>\n<h2>Almacenamiento<\/h2>\n<p>Almacenar en un lugar seco y protegido de la luz, a una temperatura de 15\u00b0C a 30\u00b0C (59\u00b0F a 86\u00b0F). Mantener fuera del alcance de los ni\u00f1os.<\/p>","protected":false},"excerpt":{"rendered":"<div>\n<p><strong>Fabricante:<\/strong> Swedish Pharma<\/p>\n<p><strong>Embalaje:<\/strong> 50 tabletas\/botella (25mg\/tab)<\/p>\n<p><strong>Clase de medicamentos:<\/strong> Andr\u00f3geno; Esteroide anab\u00f3lico; \u00e9ster de andr\u00f3geno<\/p>\n<p><strong>Estructura qu\u00edmica:<\/strong> 17beta-hidroxi-1metil-5alfa-androst-1-en-3-ona<\/p>\n<\/div>","protected":false},"featured_media":27205,"template":"","meta":[],"product_brand":[],"product_cat":[668,673,743,659],"product_tag":[],"class_list":{"0":"post-27314","1":"product","2":"type-product","3":"status-publish","4":"has-post-thumbnail","6":"product_cat-orales","7":"product_cat-primobolan-oral-metenolona-acetate","8":"product_cat-swedish-pharma","9":"product_cat-todas-las-marcas","11":"first","12":"instock","13":"shipping-taxable","14":"purchasable","15":"product-type-simple"},"jetpack_sharing_enabled":true,"_links":{"self":[{"href":"https:\/\/thorteam.co\/es\/wp-json\/wp\/v2\/product\/27314","targetHints":{"allow":["GET"]}}],"collection":[{"href":"https:\/\/thorteam.co\/es\/wp-json\/wp\/v2\/product"}],"about":[{"href":"https:\/\/thorteam.co\/es\/wp-json\/wp\/v2\/types\/product"}],"version-history":[{"count":0,"href":"https:\/\/thorteam.co\/es\/wp-json\/wp\/v2\/product\/27314\/revisions"}],"wp:featuredmedia":[{"embeddable":true,"href":"https:\/\/thorteam.co\/es\/wp-json\/wp\/v2\/media\/27205"}],"wp:attachment":[{"href":"https:\/\/thorteam.co\/es\/wp-json\/wp\/v2\/media?parent=27314"}],"wp:term":[{"taxonomy":"product_brand","embeddable":true,"href":"https:\/\/thorteam.co\/es\/wp-json\/wp\/v2\/product_brand?post=27314"},{"taxonomy":"product_cat","embeddable":true,"href":"https:\/\/thorteam.co\/es\/wp-json\/wp\/v2\/product_cat?post=27314"},{"taxonomy":"product_tag","embeddable":true,"href":"https:\/\/thorteam.co\/es\/wp-json\/wp\/v2\/product_tag?post=27314"}],"curies":[{"name":"wp","href":"https:\/\/api.w.org\/{rel}","templated":true}]}}