{"id":27462,"date":"2025-03-21T16:27:30","date_gmt":"2025-03-21T15:27:30","guid":{"rendered":"https:\/\/thorteam.co\/?post_type=product&#038;p=27462"},"modified":"2026-05-04T02:00:02","modified_gmt":"2026-05-04T00:00:02","slug":"allaes-uniliver-driada-medical","status":"publish","type":"product","link":"https:\/\/thorteam.co\/es\/loja\/todas-las-marcas\/allaes-suplements\/allaes-uniliver-driada-medical\/","title":{"rendered":"Allaes Uniliver"},"content":{"rendered":"<p>La NAC mejora los procesos de desintoxicaci\u00f3n del h\u00edgado al ayudar en la desintoxicaci\u00f3n de fase II, donde sustancias nocivas se convierten en hidrosolubles y se excretan. Su capacidad para reabastecer el glutati\u00f3n la convierte en un tratamiento est\u00e1ndar para sobredosis de paracetamol, que pueden causar da\u00f1os hep\u00e1ticos graves.<\/p>\n<p>Adem\u00e1s, la NAC reduce la inflamaci\u00f3n en el h\u00edgado al atenuar el estr\u00e9s oxidativo, lo cual es esencial para prevenir o manejar condiciones como la esteatosis hep\u00e1tica no alcoh\u00f3lica (NAFLD), hepatitis y fibrosis. Al proteger las c\u00e9lulas hep\u00e1ticas y promover la regeneraci\u00f3n, la NAC apoya la recuperaci\u00f3n del estr\u00e9s o lesiones hep\u00e1ticas.<\/p>\n<p>Sus beneficios van m\u00e1s all\u00e1 de la desintoxicaci\u00f3n, ofreciendo protecci\u00f3n contra da\u00f1os a largo plazo y ayudando al buen funcionamiento del h\u00edgado. Ya sea combatiendo los efectos de las toxinas ambientales, del alcohol o de medicamentos, la NAC proporciona un apoyo poderoso para mantener la salud del h\u00edgado. Esto la convierte en un complemento valioso para personas que buscan una desintoxicaci\u00f3n mejorada y protecci\u00f3n contra problemas hep\u00e1ticos.<\/p>\n<p>La combinaci\u00f3n de NAC (N-Acetil Ciste\u00edna) y L-glicina es particularmente beneficiosa, ya que juntas optimizan la producci\u00f3n de glutati\u00f3n y apoyan.<\/p>","protected":false},"excerpt":{"rendered":"<p>La NAC mejora los procesos de desintoxicaci\u00f3n del h\u00edgado al ayudar en la desintoxicaci\u00f3n de fase II, donde sustancias nocivas<\/p>","protected":false},"featured_media":27984,"template":"","meta":[],"product_brand":[],"product_cat":[749,723,713,657,659],"product_tag":[],"class_list":{"0":"post-27462","1":"product","2":"type-product","3":"status-publish","4":"has-post-thumbnail","6":"product_cat-allaes-suplements","7":"product_cat-higado","8":"product_cat-suplementos","9":"product_cat-terapia-post-ciclo-protectores","10":"product_cat-todas-las-marcas","12":"first","13":"outofstock","14":"shipping-taxable","15":"purchasable","16":"product-type-simple"},"jetpack_sharing_enabled":true,"_links":{"self":[{"href":"https:\/\/thorteam.co\/es\/wp-json\/wp\/v2\/product\/27462","targetHints":{"allow":["GET"]}}],"collection":[{"href":"https:\/\/thorteam.co\/es\/wp-json\/wp\/v2\/product"}],"about":[{"href":"https:\/\/thorteam.co\/es\/wp-json\/wp\/v2\/types\/product"}],"version-history":[{"count":0,"href":"https:\/\/thorteam.co\/es\/wp-json\/wp\/v2\/product\/27462\/revisions"}],"wp:featuredmedia":[{"embeddable":true,"href":"https:\/\/thorteam.co\/es\/wp-json\/wp\/v2\/media\/27984"}],"wp:attachment":[{"href":"https:\/\/thorteam.co\/es\/wp-json\/wp\/v2\/media?parent=27462"}],"wp:term":[{"taxonomy":"product_brand","embeddable":true,"href":"https:\/\/thorteam.co\/es\/wp-json\/wp\/v2\/product_brand?post=27462"},{"taxonomy":"product_cat","embeddable":true,"href":"https:\/\/thorteam.co\/es\/wp-json\/wp\/v2\/product_cat?post=27462"},{"taxonomy":"product_tag","embeddable":true,"href":"https:\/\/thorteam.co\/es\/wp-json\/wp\/v2\/product_tag?post=27462"}],"curies":[{"name":"wp","href":"https:\/\/api.w.org\/{rel}","templated":true}]}}