{"id":28339,"date":"2025-09-09T02:05:41","date_gmt":"2025-09-09T00:05:41","guid":{"rendered":"https:\/\/thorteam.co\/?post_type=product&#038;p=28339"},"modified":"2026-02-01T19:59:08","modified_gmt":"2026-02-01T18:59:08","slug":"sibutramina-15mg-magnus-pharmaceuticals","status":"publish","type":"product","link":"https:\/\/thorteam.co\/es\/loja\/quema-de-grasa\/sibutramina\/sibutramina-15mg-magnus-pharmaceuticals\/","title":{"rendered":"Sibutramina 15mg Magnus Pharmaceuticals"},"content":{"rendered":"<p><strong>El clorhidrato de sibutramina<\/strong> es un inhibidor selectivo de la recaptaci\u00f3n de serotonina y noradrenalina utilizado para el manejo m\u00e9dico de la obesidad. Este medicamento est\u00e1 destinado a ser un complemento de una dieta reducida en calor\u00edas, lo que ayudar\u00e1 a aumentar la p\u00e9rdida de peso en comparaci\u00f3n con la que se obtiene solo mediante la modificaci\u00f3n de la ingesta de alimentos. El clorhidrato de sibutramina no se presenta como una droga de acci\u00f3n r\u00e1pida, sino como una que promueve p\u00e9rdidas lentas, seguras y constantes de masa grasa que se mantienen a largo plazo.<\/p>\n<p>El clorhidrato de sibutramina ejerce su efecto de p\u00e9rdida de peso a trav\u00e9s de dos mecanismos distintos. Tiene una notable capacidad para suprimir el apetito, estimular el metabolismo y el gasto cal\u00f3rico diario. Una dosis de 10 mg puede aumentar la tasa metab\u00f3lica basal en hasta un 30%, lo que puede durar al menos seis horas.<\/p>\n<h3><strong>Efectos secundarios m\u00e1s comunes<\/strong><\/h3>\n<p>El efecto secundario m\u00e1s com\u00fan con sibutramina es un aumento en la presi\u00f3n arterial. Otros incluyen sequedad en la boca, insomnio, irritabilidad, dolor de espalda, dolor abdominal y estre\u00f1imiento, los cuales tienden a disminuir con el uso prolongado. Efectos secundarios m\u00e1s graves incluyen:<\/p>\n<ul>\n<li>Excitaci\u00f3n<\/li>\n<li>Inquietud<\/li>\n<li>P\u00e9rdida de consciencia<\/li>\n<li>Confusi\u00f3n<\/li>\n<li>Agitaci\u00f3n<\/li>\n<li>Debilidad<\/li>\n<li>Escalofr\u00edos<\/li>\n<li>Falta de coordinaci\u00f3n<\/li>\n<li>Aceleraci\u00f3n del ritmo card\u00edaco<\/li>\n<li>Pupilas dilatadas<\/li>\n<li>V\u00f3mitos<\/li>\n<li>Dificultad para respirar<\/li>\n<li>Dolores en el pecho<\/li>\n<li>Hinchaz\u00f3n de pies, tobillos o piernas<\/li>\n<li>Desmayos<\/li>\n<li>Desorientaci\u00f3n<\/li>\n<li>Depresi\u00f3n<\/li>\n<li>Fiebre alta<\/li>\n<li>Dolor ocular<\/li>\n<li>Temblor o sudoraci\u00f3n excesiva<\/li>\n<\/ul>\n<h3><strong>Uso del Clorhidrato de Sibutramina<\/strong><\/h3>\n<p>El clorhidrato de sibutramina tambi\u00e9n se puede utilizar para el tratamiento de la obesidad (incluyendo la p\u00e9rdida de peso y el mantenimiento) y debe usarse junto con una dieta controlada y reducida en calor\u00edas. Este medicamento ha sido utilizado en pacientes que padecen enfermedades adicionales, como hipertensi\u00f3n controlada, diabetes y colesterol alto.<\/p>\n<h3><strong>Dosificaci\u00f3n recomendada<\/strong><\/h3>\n<p>La dosis inicial recomendada es de <strong>10 mg<\/strong> una vez al d\u00eda, que debe ajustarse a <strong>20 mg<\/strong> despu\u00e9s de <strong>4 semanas<\/strong> si no se ha logrado una p\u00e9rdida de peso adecuada. Las dosis m\u00e1s altas no son recomendadas.<\/p>\n<hr \/>","protected":false},"excerpt":{"rendered":"<p><strong>Embalaje<\/strong>: 30 C\u00e1psulas de 15 mg<br \/>\n<strong>Modo de uso<\/strong>: 1 c\u00e1psula por d\u00eda en ayunas, por la ma\u00f1ana<\/p>","protected":false},"featured_media":25119,"template":"","meta":[],"product_brand":[],"product_cat":[701,737,659],"product_tag":[],"class_list":{"0":"post-28339","1":"product","2":"type-product","3":"status-publish","4":"has-post-thumbnail","6":"product_cat-quema-de-grasa","7":"product_cat-sibutramina","8":"product_cat-todas-las-marcas","10":"first","11":"instock","12":"shipping-taxable","13":"purchasable","14":"product-type-simple"},"jetpack_sharing_enabled":true,"_links":{"self":[{"href":"https:\/\/thorteam.co\/es\/wp-json\/wp\/v2\/product\/28339","targetHints":{"allow":["GET"]}}],"collection":[{"href":"https:\/\/thorteam.co\/es\/wp-json\/wp\/v2\/product"}],"about":[{"href":"https:\/\/thorteam.co\/es\/wp-json\/wp\/v2\/types\/product"}],"version-history":[{"count":0,"href":"https:\/\/thorteam.co\/es\/wp-json\/wp\/v2\/product\/28339\/revisions"}],"wp:featuredmedia":[{"embeddable":true,"href":"https:\/\/thorteam.co\/es\/wp-json\/wp\/v2\/media\/25119"}],"wp:attachment":[{"href":"https:\/\/thorteam.co\/es\/wp-json\/wp\/v2\/media?parent=28339"}],"wp:term":[{"taxonomy":"product_brand","embeddable":true,"href":"https:\/\/thorteam.co\/es\/wp-json\/wp\/v2\/product_brand?post=28339"},{"taxonomy":"product_cat","embeddable":true,"href":"https:\/\/thorteam.co\/es\/wp-json\/wp\/v2\/product_cat?post=28339"},{"taxonomy":"product_tag","embeddable":true,"href":"https:\/\/thorteam.co\/es\/wp-json\/wp\/v2\/product_tag?post=28339"}],"curies":[{"name":"wp","href":"https:\/\/api.w.org\/{rel}","templated":true}]}}