{"id":30164,"date":"2026-05-02T23:08:25","date_gmt":"2026-05-02T21:08:25","guid":{"rendered":"https:\/\/thorteam.co\/?post_type=product&#038;p=30164"},"modified":"2026-05-02T23:08:25","modified_gmt":"2026-05-02T21:08:25","slug":"t3-25mcg-dvp-medical","status":"publish","type":"product","link":"https:\/\/thorteam.co\/es\/loja\/todas-las-marcas\/dvp-medical\/t3-25mcg-dvp-medical\/","title":{"rendered":"T3 25mcg DVP Medical"},"content":{"rendered":"<p><strong>Cytomel<\/strong> es la marca asociada a la hormona tiroidea sint\u00e9tica <em>Liothyronine Sodium<\/em>, una r\u00e9plica perfecta de la hormona tiroidea <em>triyodotironina<\/em> (T3) producida de forma natural. Desde la d\u00e9cada de 1950, el Cytomel sint\u00e9tico se ha utilizado medicinalmente, mientras que las hormonas tiroideas, como el T3, han sido empleadas en tratamientos desde la d\u00e9cada de 1890. Los primeros tratamientos inclu\u00edan extractos animales puros que conten\u00edan T3 y T4, los cuales demostraron ser efectivos en el tratamiento del <em>hipotiroidismo<\/em>, una condici\u00f3n en la que la gl\u00e1ndula tiroides no produce suficientes hormonas, lo que lleva a aumento de peso, p\u00e9rdida de energ\u00eda, ca\u00edda del cabello y alteraciones en la piel.<\/p>\n<p>El Cytomel proporciona una alternativa m\u00e1s segura y higi\u00e9nica para estos tratamientos y est\u00e1 involucrado en varias funciones celulares, incluido el metabolismo de carbohidratos, grasas y prote\u00ednas.<\/p>\n<p><strong>Perfil T3:<\/strong><\/p>\n<ul>\n<li><strong>Actividad Anab\u00f3lica:<\/strong> Ligeramente<\/li>\n<li><strong>Actividad Androg\u00e9nica:<\/strong> No existe<\/li>\n<li><strong>Retenci\u00f3n de Agua:<\/strong> S\u00ed<\/li>\n<li><strong>T\u00f3xico para el H\u00edgado:<\/strong> S\u00ed<\/li>\n<\/ul>\n<p><strong>Efectos:<\/strong><\/p>\n<ul>\n<li>Aceleraci\u00f3n del metabolismo<\/li>\n<li>Aumento de la producci\u00f3n de calor corporal<\/li>\n<li>Quema de grasa<\/li>\n<li>Supresi\u00f3n del apetito<\/li>\n<li>Disminuci\u00f3n de la necesidad de sue\u00f1o<\/li>\n<li>Mejora del rendimiento f\u00edsico<\/li>\n<li>Efecto estimulante en el sistema nervioso central<\/li>\n<\/ul>\n<p><strong>Efectos Secundarios:<\/strong><\/p>\n<p>El Cytomel generalmente es bien tolerado por la mayor\u00eda de los adultos saludables, excepto aquellos con hipotiroidismo. Los efectos secundarios son m\u00e1s comunes en dosis altas y pueden incluir:<\/p>\n<ul>\n<li>Dolor de cabeza<\/li>\n<li>Sudoraci\u00f3n excesiva<\/li>\n<li>Arritmia cardiaca<\/li>\n<li>Nerviosismo<\/li>\n<li>Irregularidades menstruales<\/li>\n<li>Erupci\u00f3n cut\u00e1nea al\u00e9rgica<\/li>\n<\/ul>\n<p><strong>Almacenamiento:<\/strong><\/p>\n<p>Conservar en lugar seco y protegido de la luz, a una temperatura de 15-25\u00b0C. Mantener fuera del alcance de los ni\u00f1os.<\/p>","protected":false},"excerpt":{"rendered":"<p><strong>Fabricante:<\/strong> DVP Medical<\/p>\n<p><strong>Embalaje:<\/strong> 50 comprimidos por frasco (25 mcg\/comprimido)<\/p>\n<p><strong>Clase de medicamentos:<\/strong> Hormona tiroidea sint\u00e9tica<\/p>\n<p><strong>Estructura qu\u00edmica:<\/strong> Sodio; (2S)-2-amino-3-[4-(4-hidroxi-3-yodofenoxi)-3,5-diyodofenil]propanoato<\/p>\n","protected":false},"featured_media":30035,"template":"","meta":[],"product_brand":[],"product_cat":[751,701,709,659],"product_tag":[],"class_list":{"0":"post-30164","1":"product","2":"type-product","3":"status-publish","4":"has-post-thumbnail","6":"product_cat-dvp-medical","7":"product_cat-quema-de-grasa","8":"product_cat-t3-t4","9":"product_cat-todas-las-marcas","11":"first","12":"instock","13":"shipping-taxable","14":"purchasable","15":"product-type-simple"},"jetpack_sharing_enabled":true,"_links":{"self":[{"href":"https:\/\/thorteam.co\/es\/wp-json\/wp\/v2\/product\/30164","targetHints":{"allow":["GET"]}}],"collection":[{"href":"https:\/\/thorteam.co\/es\/wp-json\/wp\/v2\/product"}],"about":[{"href":"https:\/\/thorteam.co\/es\/wp-json\/wp\/v2\/types\/product"}],"version-history":[{"count":0,"href":"https:\/\/thorteam.co\/es\/wp-json\/wp\/v2\/product\/30164\/revisions"}],"wp:featuredmedia":[{"embeddable":true,"href":"https:\/\/thorteam.co\/es\/wp-json\/wp\/v2\/media\/30035"}],"wp:attachment":[{"href":"https:\/\/thorteam.co\/es\/wp-json\/wp\/v2\/media?parent=30164"}],"wp:term":[{"taxonomy":"product_brand","embeddable":true,"href":"https:\/\/thorteam.co\/es\/wp-json\/wp\/v2\/product_brand?post=30164"},{"taxonomy":"product_cat","embeddable":true,"href":"https:\/\/thorteam.co\/es\/wp-json\/wp\/v2\/product_cat?post=30164"},{"taxonomy":"product_tag","embeddable":true,"href":"https:\/\/thorteam.co\/es\/wp-json\/wp\/v2\/product_tag?post=30164"}],"curies":[{"name":"wp","href":"https:\/\/api.w.org\/{rel}","templated":true}]}}